{"id":11888,"date":"2021-03-04T10:22:51","date_gmt":"2021-03-04T09:22:51","guid":{"rendered":"https:\/\/www.orodelsalento.com\/unkategorisiert\/schwarze-cellina-di-nardo-oliven\/"},"modified":"2026-02-06T11:41:27","modified_gmt":"2026-02-06T10:41:27","slug":"schwarze-cellina-di-nardo-oliven","status":"publish","type":"product","link":"https:\/\/www.orodelsalento.com\/de\/oliven\/schwarze-cellina-di-nardo-oliven\/","title":{"rendered":"Schwarze Cellina di Nard\u00f2 Oliven"},"content":{"rendered":"<p>Die schwarzen Oliven von <strong>Cellina di Nard\u00f2<\/strong> werden mit extra nativem Oliven\u00f6l hergestellt und mit Oregano, Knoblauch und Salz gew\u00fcrzt.<\/p>\n<p>Schwarze Oliven sind bekannt f\u00fcr ihre antioxidativen Eigenschaften und enthalten Kalium und Mineralien. Gerade wegen dieser Mineralien werden sie als energiereiche Nahrungsmittel angesehen.<\/p>\n<p>Diese schwarzen Oliven sind in einer vakuumverpackten Schale enthalten und enthalten extra natives Oliven\u00f6l. Wenn die Oliven aufgebraucht sind, sollte das \u00d6l nicht weggeworfen werden, sondern kann als W\u00fcrzmittel wiederverwendet werden.<\/p>\n<p>Diese Oliven k\u00f6nnen alleine als Teil eines Vorspeisenbretts genossen werden oder als Zutat f\u00fcr einen Salat oder auch f\u00fcr ein kaltes Nudelgericht verwendet werden. Sie sind besonders im Sommer lecker.<\/p>\n<p>Die schwarzen Oliven Cellina di Nard\u00f2 sind eine einzigartige Olivensorte, eine der typischen Olivenbaumsorten des Salento in Apulien, Italien.<\/p>\n<h2>Die Sorte der schwarzen Oliven Cellina di Nard\u00f2<\/h2>\n<p>Es ist eine schwarze Olivensorte mit einem intensiven, s\u00fc\u00dfen und leicht scharfen Geschmack und ist eine der Hauptzutaten der apulischen K\u00fcche.<br \/>\nDie schwarzen Cellina di Nard\u00f2 Oliven haben eine runde Form mit einer dunkelbraunen Haut.<\/p>\n<p>Sie sind reich an Antioxidantien, Vitaminen und essentiellen Mineralien wie \u00d6ls\u00e4ure, Linols\u00e4ure und Palmitins\u00e4ure. Sie sind auch eine Quelle f\u00fcr Eisen, Kalzium, Magnesium und Kalium. Schwarze Cellina di Nard\u00f2 Oliven sind sehr vielseitig in der K\u00fcche. Sie k\u00f6nnen verwendet werden, um Saucen, Dressings, Salate, Beilagen, Saucen oder auch als Hauptzutat in Rezepten wie Nard\u00f2 Focaccia zuzubereiten. Sie sind auch eine gro\u00dfartige Erg\u00e4nzung zu Gerichten mit Fleisch, Fisch und Gem\u00fcse.<\/p>\n<p>Die schwarzen Oliven Cellina di Nard\u00f2 sind eine ausgezeichnete Nahrungsquelle, da sie n\u00e4hrstoffreich, vielseitig und lecker sind.<\/p>\n<p>Sie sind auch eine der beliebtesten Olivensorten in Italien und auf der ganzen Welt.<\/p>\n","protected":false},"excerpt":{"rendered":"<p>Die schwarzen Oliven von Cellina di Nard\u00f2 werden aus extra nativem Oliven\u00f6l hergestellt und mit Oregano, Knoblauch und Salz gew\u00fcrzt. Sie werden in einer Vakuumverpackung mit einem Nettogewicht von 250 g aufbewahrt.<\/p>\n","protected":false},"featured_media":8180,"comment_status":"open","ping_status":"closed","template":"","meta":{"_mbp_gutenberg_autopost":false,"_pgmb_is_evergreen":true,"_pgmb_ap_template_id":0},"product_brand":[],"product_cat":[205],"product_tag":[],"class_list":{"0":"post-11888","1":"product","2":"type-product","3":"status-publish","4":"has-post-thumbnail","6":"product_cat-oliven","8":"first","9":"outofstock","10":"shipping-taxable","11":"purchasable","12":"product-type-simple"},"_links":{"self":[{"href":"https:\/\/www.orodelsalento.com\/de\/wp-json\/wp\/v2\/product\/11888","targetHints":{"allow":["GET"]}}],"collection":[{"href":"https:\/\/www.orodelsalento.com\/de\/wp-json\/wp\/v2\/product"}],"about":[{"href":"https:\/\/www.orodelsalento.com\/de\/wp-json\/wp\/v2\/types\/product"}],"replies":[{"embeddable":true,"href":"https:\/\/www.orodelsalento.com\/de\/wp-json\/wp\/v2\/comments?post=11888"}],"version-history":[{"count":0,"href":"https:\/\/www.orodelsalento.com\/de\/wp-json\/wp\/v2\/product\/11888\/revisions"}],"wp:featuredmedia":[{"embeddable":true,"href":"https:\/\/www.orodelsalento.com\/de\/wp-json\/wp\/v2\/media\/8180"}],"wp:attachment":[{"href":"https:\/\/www.orodelsalento.com\/de\/wp-json\/wp\/v2\/media?parent=11888"}],"wp:term":[{"taxonomy":"product_brand","embeddable":true,"href":"https:\/\/www.orodelsalento.com\/de\/wp-json\/wp\/v2\/product_brand?post=11888"},{"taxonomy":"product_cat","embeddable":true,"href":"https:\/\/www.orodelsalento.com\/de\/wp-json\/wp\/v2\/product_cat?post=11888"},{"taxonomy":"product_tag","embeddable":true,"href":"https:\/\/www.orodelsalento.com\/de\/wp-json\/wp\/v2\/product_tag?post=11888"}],"curies":[{"name":"wp","href":"https:\/\/api.w.org\/{rel}","templated":true}]}}