{"id":11892,"date":"2021-08-29T15:38:14","date_gmt":"2021-08-29T13:38:14","guid":{"rendered":"https:\/\/www.orodelsalento.com\/unkategorisiert\/kapern-in-salzlake\/"},"modified":"2025-12-30T12:32:51","modified_gmt":"2025-12-30T11:32:51","slug":"kapern-in-salzlake","status":"publish","type":"product","link":"https:\/\/www.orodelsalento.com\/de\/gewurze\/kapern-in-salzlake\/","title":{"rendered":"Kapern in Lake"},"content":{"rendered":"<p>Endlich eine schmackhafte und gesunde M\u00f6glichkeit, sich auszutoben. Die <strong>Kapern in Lake<\/strong> sind ein Genuss und eine hervorragende Quelle f\u00fcr Vitamine und Mineralien.<\/p>\n<p>In Lake eingelegt haben die Bl\u00fcten des Kapernstrauchs einen w\u00fcrzigen, aromatischen Geschmack und einen angenehmen, knackigen Biss. Die Knospen werden von Hand kurz bevor sie reif sind in den fr\u00fchen Morgenstunden geerntet, wenn die Bl\u00fcten noch geschlossen sind, und dann in Lake eingelegt.<\/p>\n<p>Die <strong>Kapern in Lake<\/strong> sind ein <strong>typisches Produkt aus Apulien<\/strong>, in unserem Gesch\u00e4ft sind sie in Gl\u00e4sern zu 230 g erh\u00e4ltlich und online verkauft.<\/p>\n<p>Das Produkt spielt eine grundlegende Rolle in vielen traditionellen Gerichten, eine Spezialit\u00e4t, die viel zarte Pflege erfordert.<\/p>\n","protected":false},"excerpt":{"rendered":"<p><strong>Kapern in Lake<\/strong> von Hand geerntet, hervorragend als Pasta-W\u00fcrze, in Lake eingelegt, um den Geschmack und das Aroma, die sie auszeichnen, bestm\u00f6glich zu bewahren. Verpackung von 230g, 180g netto.<\/p>\n","protected":false},"featured_media":9436,"comment_status":"open","ping_status":"closed","template":"","meta":{"_mbp_gutenberg_autopost":false,"_pgmb_is_evergreen":true,"_pgmb_ap_template_id":14124},"product_brand":[],"product_cat":[522],"product_tag":[],"class_list":{"0":"post-11892","1":"product","2":"type-product","3":"status-publish","4":"has-post-thumbnail","6":"product_cat-gewurze","8":"first","9":"instock","10":"shipping-taxable","11":"purchasable","12":"product-type-simple"},"_links":{"self":[{"href":"https:\/\/www.orodelsalento.com\/de\/wp-json\/wp\/v2\/product\/11892","targetHints":{"allow":["GET"]}}],"collection":[{"href":"https:\/\/www.orodelsalento.com\/de\/wp-json\/wp\/v2\/product"}],"about":[{"href":"https:\/\/www.orodelsalento.com\/de\/wp-json\/wp\/v2\/types\/product"}],"replies":[{"embeddable":true,"href":"https:\/\/www.orodelsalento.com\/de\/wp-json\/wp\/v2\/comments?post=11892"}],"version-history":[{"count":0,"href":"https:\/\/www.orodelsalento.com\/de\/wp-json\/wp\/v2\/product\/11892\/revisions"}],"wp:featuredmedia":[{"embeddable":true,"href":"https:\/\/www.orodelsalento.com\/de\/wp-json\/wp\/v2\/media\/9436"}],"wp:attachment":[{"href":"https:\/\/www.orodelsalento.com\/de\/wp-json\/wp\/v2\/media?parent=11892"}],"wp:term":[{"taxonomy":"product_brand","embeddable":true,"href":"https:\/\/www.orodelsalento.com\/de\/wp-json\/wp\/v2\/product_brand?post=11892"},{"taxonomy":"product_cat","embeddable":true,"href":"https:\/\/www.orodelsalento.com\/de\/wp-json\/wp\/v2\/product_cat?post=11892"},{"taxonomy":"product_tag","embeddable":true,"href":"https:\/\/www.orodelsalento.com\/de\/wp-json\/wp\/v2\/product_tag?post=11892"}],"curies":[{"name":"wp","href":"https:\/\/api.w.org\/{rel}","templated":true}]}}