{"id":11918,"date":"2022-02-12T20:14:41","date_gmt":"2022-02-12T19:14:41","guid":{"rendered":"https:\/\/www.orodelsalento.com\/unkategorisiert\/taralli-dolci-mit-primitivo-wein-backwaren\/"},"modified":"2025-12-30T11:56:41","modified_gmt":"2025-12-30T10:56:41","slug":"taralli-dolci-mit-primitivo-wein-backwaren","status":"publish","type":"product","link":"https:\/\/www.orodelsalento.com\/de\/backwaren\/taralli-dolci-mit-primitivo-wein-backwaren\/","title":{"rendered":"Tarallini dolci mit Primitivo-Wein"},"content":{"rendered":"<p>Ich <strong>Tarallini dolci al vino primitivo<\/strong> sind kleine Ringe, die mit kristallisiertem Zucker \u00fcberzogen sind. Sie sind so s\u00fc\u00df und so k\u00f6stlich, dass Ihre G\u00e4ste nach mehr fragen werden.<\/p>\n<p>Es gibt Produkte, deren Name bereits auf ihre Herkunft hinweist, und allein wenn man sie in den H\u00e4nden h\u00e4lt, und wenn es sich um Lebensmittel oder Getr\u00e4nke handelt, hat man das Gef\u00fchl des Ortes mit seinen Sch\u00f6nheiten, D\u00fcften und Essenzen.<\/p>\n<p>Ein Produkt, das zweifellos das <b>Street Food<\/b> des Mezzogiorno pr\u00e4gt, ist ohne Zweifel der <b>Tarallo<\/b>, ein einfacher Ring aus unges\u00e4uertem Teig, der aus Mehl, \u00d6l, Salz, Wasser (oder Wein) besteht, dem je nach Herkunftsregion verschiedene Zutaten hinzugef\u00fcgt werden, wobei die bekanntesten die aus Apulien und Neapel sind; jede Region produziert nat\u00fcrlich ihre eigenen Varianten.<\/p>\n<p>Unter den vielen Varianten, auch innerhalb von <b>Apulien<\/b>, gibt es viele, dazu kommt die s\u00fc\u00dfe Variante, die stark nach Donuts f\u00fcr ein s\u00fc\u00dfes Fr\u00fchst\u00fcck schmeckt, die <strong>tarallini dolci al vino primitivo<\/strong>, die nach dem Essen, zur Kaffeepause oder zum Tee mit Freunden genossen werden k\u00f6nnen.<\/p>\n<p>Nat\u00fcrlich darf bei diesen s\u00fc\u00dfen Ringen oder s\u00fc\u00dfen Taralli der Wein nicht fehlen, und ein hervorragender Wein aus dem <b>Salento<\/b>, der sowohl renommiert als auch gut ist, ist der <a href=\"https:\/\/www.orodelsalento.com\/de\/apulien-wein\/rotwein-primitivo-apulien-italien\/\" target=\"_blank\" rel=\"noopener\"><b>Primitivo<\/b><\/a>.<\/p>\n<p>Und so entsteht eine wahre K\u00f6stlichkeit mit diesem Mix aus Exzellenzen, das Angebot von <strong>Oro del Salento<\/strong>, das uns wie immer die ganze G\u00fcte der Aromen aus Apulien auf den Tisch bringt, mit diesen <b>taralli dolci al vino Primitivo<\/b>.<\/p>\n<p>Die Taralli werden aus Weichweizenmehl Typ 00, Zucker, 20% Primitivo-Wein, Oliven\u00f6l, Backpulver und Vanillin hergestellt; diese kleinen Ringe mit ihrem zarten und s\u00fc\u00dfen Geschmack werden auch die anspruchsvollsten Gaumen mit ihrer Zartheit und der charakteristischen kristallisierten Zuckerschicht auf der Oberfl\u00e4che begeistern, ideal um sich selbst und andere zu verw\u00f6hnen.<\/p>\n","protected":false},"excerpt":{"rendered":"<p><strong>Tarallini dolci mit Primitivo-Wein<\/strong>, typische Backwaren aus dem Salento, Verpackung von 250g. Knusprig, m\u00fcrbe und hinterlassen einen sehr zarten s\u00fc\u00dfen Geschmack im Mund.<\/p>\n","protected":false},"featured_media":13079,"comment_status":"open","ping_status":"closed","template":"","meta":{"_mbp_gutenberg_autopost":false,"_pgmb_is_evergreen":true,"_pgmb_ap_template_id":14124},"product_brand":[],"product_cat":[554],"product_tag":[],"class_list":{"0":"post-11918","1":"product","2":"type-product","3":"status-publish","4":"has-post-thumbnail","6":"product_cat-backwaren","8":"first","9":"instock","10":"shipping-taxable","11":"purchasable","12":"product-type-simple"},"_links":{"self":[{"href":"https:\/\/www.orodelsalento.com\/de\/wp-json\/wp\/v2\/product\/11918","targetHints":{"allow":["GET"]}}],"collection":[{"href":"https:\/\/www.orodelsalento.com\/de\/wp-json\/wp\/v2\/product"}],"about":[{"href":"https:\/\/www.orodelsalento.com\/de\/wp-json\/wp\/v2\/types\/product"}],"replies":[{"embeddable":true,"href":"https:\/\/www.orodelsalento.com\/de\/wp-json\/wp\/v2\/comments?post=11918"}],"version-history":[{"count":0,"href":"https:\/\/www.orodelsalento.com\/de\/wp-json\/wp\/v2\/product\/11918\/revisions"}],"wp:featuredmedia":[{"embeddable":true,"href":"https:\/\/www.orodelsalento.com\/de\/wp-json\/wp\/v2\/media\/13079"}],"wp:attachment":[{"href":"https:\/\/www.orodelsalento.com\/de\/wp-json\/wp\/v2\/media?parent=11918"}],"wp:term":[{"taxonomy":"product_brand","embeddable":true,"href":"https:\/\/www.orodelsalento.com\/de\/wp-json\/wp\/v2\/product_brand?post=11918"},{"taxonomy":"product_cat","embeddable":true,"href":"https:\/\/www.orodelsalento.com\/de\/wp-json\/wp\/v2\/product_cat?post=11918"},{"taxonomy":"product_tag","embeddable":true,"href":"https:\/\/www.orodelsalento.com\/de\/wp-json\/wp\/v2\/product_tag?post=11918"}],"curies":[{"name":"wp","href":"https:\/\/api.w.org\/{rel}","templated":true}]}}