{"id":12049,"date":"2022-01-16T17:29:47","date_gmt":"2022-01-16T16:29:47","guid":{"rendered":"https:\/\/www.orodelsalento.com\/unkategorisiert\/sagne-ncannulate-aus-qualitativ-hochwertigem-weizen-aus-apulien-italien\/"},"modified":"2026-03-02T11:44:29","modified_gmt":"2026-03-02T10:44:29","slug":"sagne-ncannulate-aus-qualitativ-hochwertigem-weizen-aus-apulien-italien","status":"publish","type":"product","link":"https:\/\/www.orodelsalento.com\/de\/typische-pasta-aus-apulien\/sagne-ncannulate-aus-qualitativ-hochwertigem-weizen-aus-apulien-italien\/","title":{"rendered":"Sagne &#8217;ncannulate aus qualitativ hochwertigem Weizen aus Apulien, Italien &#8211; 400g"},"content":{"rendered":"<p>Die <strong>Sagne &#8217;ncannulate<\/strong> ist eine Art von Pasta aus Apulien, die aus d\u00fcnnem und flachem Teig hergestellt wird. Der Teig wird in Streifen geschnitten und dann auf sich selbst gefaltet, um die Form der Pasta zu kreieren. Der Name dieser Art von Pasta stammt vom italienischen Wort &#8222;sagnette&#8220;, was &#8222;Pfeil&#8220; bedeutet.<\/p>\n<p>Sagne torte ist ein italienisches Gericht, das seine Wurzeln in Apulien hat. Es besteht aus einem Eierteig, der auf d\u00fcnnen, flachen Pasta-Bl\u00e4ttern gegossen und dann zu Schichten gefaltet wird, um eine kuchen\u00e4hnliche Konsistenz zu erzeugen.<\/p>\n<p><strong>Sagne &#8217;ncannulate<\/strong> aus Weizenbl\u00fcten, die in Italien angebaut und gemahlen wurden, 400g Packung.<\/p>\n<p>Allergene: Gluten, Senf, Soja. Feuchtigkeit bei der Herstellung 12,50%. Haltbarkeit zwei Jahre nach der Produktion.<\/p>\n","protected":false},"excerpt":{"rendered":"<p>Sagne &#8217;ncannulate fior di grano da grano moliti e coltivati in Italia, auch Sagne Ritorte genannt, sind in einer 400g Packung erh\u00e4ltlich. Sie werden aus 100% Vollkorn Hartweizenmehl vom Senatore Cappelli angebaut und gemahlen und ben\u00f6tigen nur 10 Minuten Kochzeit.<\/p>\n","protected":false},"featured_media":10072,"comment_status":"open","ping_status":"closed","template":"","meta":{"_mbp_gutenberg_autopost":false,"_pgmb_is_evergreen":true,"_pgmb_ap_template_id":0},"product_brand":[],"product_cat":[529],"product_tag":[],"class_list":{"0":"post-12049","1":"product","2":"type-product","3":"status-publish","4":"has-post-thumbnail","6":"product_cat-typische-pasta-aus-apulien","8":"first","9":"instock","10":"shipping-taxable","11":"purchasable","12":"product-type-simple"},"_links":{"self":[{"href":"https:\/\/www.orodelsalento.com\/de\/wp-json\/wp\/v2\/product\/12049","targetHints":{"allow":["GET"]}}],"collection":[{"href":"https:\/\/www.orodelsalento.com\/de\/wp-json\/wp\/v2\/product"}],"about":[{"href":"https:\/\/www.orodelsalento.com\/de\/wp-json\/wp\/v2\/types\/product"}],"replies":[{"embeddable":true,"href":"https:\/\/www.orodelsalento.com\/de\/wp-json\/wp\/v2\/comments?post=12049"}],"version-history":[{"count":0,"href":"https:\/\/www.orodelsalento.com\/de\/wp-json\/wp\/v2\/product\/12049\/revisions"}],"wp:featuredmedia":[{"embeddable":true,"href":"https:\/\/www.orodelsalento.com\/de\/wp-json\/wp\/v2\/media\/10072"}],"wp:attachment":[{"href":"https:\/\/www.orodelsalento.com\/de\/wp-json\/wp\/v2\/media?parent=12049"}],"wp:term":[{"taxonomy":"product_brand","embeddable":true,"href":"https:\/\/www.orodelsalento.com\/de\/wp-json\/wp\/v2\/product_brand?post=12049"},{"taxonomy":"product_cat","embeddable":true,"href":"https:\/\/www.orodelsalento.com\/de\/wp-json\/wp\/v2\/product_cat?post=12049"},{"taxonomy":"product_tag","embeddable":true,"href":"https:\/\/www.orodelsalento.com\/de\/wp-json\/wp\/v2\/product_tag?post=12049"}],"curies":[{"name":"wp","href":"https:\/\/api.w.org\/{rel}","templated":true}]}}