{"id":12058,"date":"2022-03-05T14:54:15","date_gmt":"2022-03-05T13:54:15","guid":{"rendered":"https:\/\/www.orodelsalento.com\/unkategorisiert\/sun-dried-tomato-pesto-with-ginger-and-walnuts\/"},"modified":"2026-04-03T08:16:08","modified_gmt":"2026-04-03T06:16:08","slug":"sun-dried-tomato-pesto-with-ginger-and-walnuts","status":"publish","type":"product","link":"https:\/\/www.orodelsalento.com\/de\/vorspeisen-mit-brot\/sun-dried-tomato-pesto-with-ginger-and-walnuts\/","title":{"rendered":"Pesto aus getrockneten Tomaten mit Ingwer und Waln\u00fcssen."},"content":{"rendered":"<p>Mittlerweile ist das <strong>Pesto<\/strong> nicht mehr nur das genuesische, ohne Zweifel eine Exzellenz, sondern jede Region oder Gegend ist reich an K\u00f6stlichkeiten und Exzellenzen. Deshalb hat jede Stadt oder Region ihre eigene Variante von Pesto, mit Zutaten, die ausschlie\u00dflich aus der Region stammen; Italien, das Heimatland des guten Essens, dank seiner <strong>Exzellenzprodukten<\/strong>, eine Halbinsel, die in der Wiege des Mittelmeers liegt, wo es ein mildes Klima genie\u00dft, das den Anbau einer gro\u00dfen Vielfalt an Gem\u00fcse und Produkten erm\u00f6glicht, die das ganze Jahr \u00fcber wachsen.<\/p>\n<p>Es gibt Produkte, die mehr als andere sehr repr\u00e4sentativ f\u00fcr jede Region sind, f\u00fcr die <strong>Apulien<\/strong> ist einer von allen die <strong>Tomaten<\/strong>, die einen gro\u00dfen Platz in der italienischen K\u00fcche einnehmen. Schon seit alten Zeiten hatten unsere Gro\u00dfeltern die Gewohnheit, die Produkte der Erde f\u00fcr die Wintervorr\u00e4te zu konservieren, darunter auch die Tomaten.<\/p>\n<p>Die <a href=\"https:\/\/www.orodelsalento.com\/de\/gemuese-und-gemuesesorten\/tomate-studien-eigenschaften-und-vorteile\/\"><strong>gesundheitlichen Vorteile der Tomaten<\/strong><\/a> sind uns allen bekannt, andere Produkte, die sich als sehr gesund, aber gleichzeitig sehr schmackhaft und mit einem faszinierenden Geschmack herausstellen, um nur zwei zu nennen: die Walnuss ist ein echtes Tonikum f\u00fcr das Nervensystem und besitzt <strong>antian\u00e4mische<\/strong>, krampfl\u00f6sende, beruhigende und entz\u00fcndungshemmende Eigenschaften.<\/p>\n<p>Die herzsch\u00fctzende Wirkung der Waln\u00fcsse h\u00e4ngt vom Gleichgewicht der Elektrolyte und vor allem von ihrer Wirkung auf den Muskeltonus und die Elastizit\u00e4t der Gef\u00e4\u00dfe ab, die die arterielle Zirkulation f\u00f6rdern. Und das <strong>Ingwer<\/strong>, es ist also nicht verwunderlich, dass Ingwer heute eines der am h\u00e4ufigsten verwendeten Gew\u00fcrze der Welt ist, denn neben seinem angenehmen scharfen Geschmack ist es sehr vielseitig und reich an gesundheitlichen Vorteilen. Die Wurzel des Ingwers hat tats\u00e4chlich antioxidative, entz\u00fcndungshemmende Eigenschaften und enth\u00e4lt <strong>therapeutische Elemente<\/strong> wie <strong>Gingerol<\/strong>, <strong>Shogaol<\/strong>, <strong>Paradol<\/strong> und <strong>Zingeron<\/strong>.<\/p>\n<p>Stellen Sie sich nun eine Kombination aus <strong>getrockneten Tomaten, Ingwer und Waln\u00fcssen<\/strong> vor, diese Kombination verleiht einen faszinierenden und intensiven Geschmack, das Pesto aus getrockneten Tomaten, Ingwer und Waln\u00fcssen, das von unserem Unternehmen angeboten wird, einer salentinischen Realit\u00e4t, die uns Geschm\u00e4cker, D\u00fcfte und Aromen der typischen Produkte aus Apulien und Salento mit einer Entdeckung und Wiederentdeckung der traditionellen und authentischen Aromen und D\u00fcfte pr\u00e4sentiert.<\/p>\n<p>Mit dem <strong>Pesto aus getrockneten Tomaten mit Ingwer und Waln\u00fcssen<\/strong> ist es unm\u00f6glich, sich nicht von dieser Vereinigung der in der salentinischen Sonne getrockneten Tomaten, Ingwer, Waln\u00fcssen, nativem Oliven\u00f6l, Knoblauch, Minze, Chili, Petersilie und Salz mitrei\u00dfen zu lassen.<\/p>\n<p>Ein erstes Gericht, eine Bruschetta mit diesem Pesto wird einen starken Eindruck der alten traditionellen Aromen hinterlassen. Ein Pesto, das \u00fcberrascht, kombiniert mit einer handwerklichen Pasta ist eine wahre K\u00f6stlichkeit und erfreut die G\u00e4ste auch mit einem traditionellen Antipasto mit Bruschetta.<\/p>\n","protected":false},"excerpt":{"rendered":"<p>Pesto aus getrockneten Tomaten mit Ingwer und Waln\u00fcssen, in extra vergine Oliven\u00f6l.<\/p>\n","protected":false},"featured_media":10283,"comment_status":"open","ping_status":"closed","template":"","meta":{"_mbp_gutenberg_autopost":false,"_pgmb_is_evergreen":true,"_pgmb_ap_template_id":14124},"product_brand":[],"product_cat":[212,522],"product_tag":[],"class_list":{"0":"post-12058","1":"product","2":"type-product","3":"status-publish","4":"has-post-thumbnail","6":"product_cat-vorspeisen-mit-brot","7":"product_cat-gewurze","9":"first","10":"instock","11":"shipping-taxable","12":"purchasable","13":"product-type-simple"},"_links":{"self":[{"href":"https:\/\/www.orodelsalento.com\/de\/wp-json\/wp\/v2\/product\/12058","targetHints":{"allow":["GET"]}}],"collection":[{"href":"https:\/\/www.orodelsalento.com\/de\/wp-json\/wp\/v2\/product"}],"about":[{"href":"https:\/\/www.orodelsalento.com\/de\/wp-json\/wp\/v2\/types\/product"}],"replies":[{"embeddable":true,"href":"https:\/\/www.orodelsalento.com\/de\/wp-json\/wp\/v2\/comments?post=12058"}],"version-history":[{"count":0,"href":"https:\/\/www.orodelsalento.com\/de\/wp-json\/wp\/v2\/product\/12058\/revisions"}],"wp:featuredmedia":[{"embeddable":true,"href":"https:\/\/www.orodelsalento.com\/de\/wp-json\/wp\/v2\/media\/10283"}],"wp:attachment":[{"href":"https:\/\/www.orodelsalento.com\/de\/wp-json\/wp\/v2\/media?parent=12058"}],"wp:term":[{"taxonomy":"product_brand","embeddable":true,"href":"https:\/\/www.orodelsalento.com\/de\/wp-json\/wp\/v2\/product_brand?post=12058"},{"taxonomy":"product_cat","embeddable":true,"href":"https:\/\/www.orodelsalento.com\/de\/wp-json\/wp\/v2\/product_cat?post=12058"},{"taxonomy":"product_tag","embeddable":true,"href":"https:\/\/www.orodelsalento.com\/de\/wp-json\/wp\/v2\/product_tag?post=12058"}],"curies":[{"name":"wp","href":"https:\/\/api.w.org\/{rel}","templated":true}]}}