{"id":13857,"date":"2023-07-23T16:51:59","date_gmt":"2023-07-23T14:51:59","guid":{"rendered":"https:\/\/www.orodelsalento.com\/unkategorisiert\/sauce-mit-einer-mischung-aus-drei-oliven\/"},"modified":"2025-12-30T13:12:31","modified_gmt":"2025-12-30T12:12:31","slug":"sauce-mit-einer-mischung-aus-drei-oliven","status":"publish","type":"product","link":"https:\/\/www.orodelsalento.com\/de\/italienische-saucen\/sauce-mit-einer-mischung-aus-drei-oliven\/","title":{"rendered":"Sugo mit einer Mischung aus Oliven"},"content":{"rendered":"<p>Die <strong>Sugo al Tris di Olive<\/strong> Gr\u00fcne, Rote und Schwarze von Oro del Salento ist ein typisches Produkt aus Apulien, das den authentischen Geschmack der kulinarischen Tradition des Salento in sich vereint. Diese Sauce wird aus passierter Tomate aus Apulien, einer Mischung aus <strong>gr\u00fcnen Oliven,<\/strong> <strong>roten<\/strong> und <strong>schwarzen<\/strong>, <strong>nativem Oliven\u00f6l extra<\/strong>, Oregano, Zwiebel, Chili, Basilikum und Salz hergestellt.<\/p>\n<p>Das Produkt ist in einem Glas mit einem Nettogewicht von 220 g verpackt. Nach dem \u00d6ffnen wird empfohlen, es im K\u00fchlschrank aufzubewahren, um seine Frische und seinen Geschmack zu bewahren.<\/p>\n<p>Die <strong>Sugo al Tris di Olive<\/strong> Gr\u00fcne, Rote und Schwarze von Oro del Salento ist somit ein Produkt, das nicht nur einen reichen und authentischen Geschmack bietet, sondern auch die Leidenschaft und die Liebe zur kulinarischen Tradition Apuliens verk\u00f6rpert.<\/p>\n<p>Die <strong>Sugo al Tris di Olive<\/strong> ist eine wahre Reise in die Aromen des Salento.<\/p>\n<p>Die <a title=\"Passata di pomodoro pugliese\" href=\"https:\/\/www.orodelsalento.com\/de\/italienische-saucen\/rote-und-gelbe-tomatenpassata-aus-apulien\/\" target=\"_blank\" rel=\"noopener\"><strong>passierte Tomate aus Apulien<\/strong><\/a>, die Basis dieser Sauce, ist bekannt f\u00fcr ihre charakteristische dunkle Farbe und ihre dichte, cremige Konsistenz. Die Oliven, in einer Kombination aus gr\u00fcnen, roten und schwarzen, verleihen dem Geschmack eine Note von Komplexit\u00e4t, w\u00e4hrend das nativem Oliven\u00f6l extra, Oregano, Zwiebel, Chili, Basilikum und Salz die Harmonie der Aromen vervollst\u00e4ndigen.<\/p>\n<p>Diese Sauce ist eine Hommage an die kulinarische Tradition Apuliens, die hochwertige Zutaten vereint, um ein Produkt zu schaffen, das Authentizit\u00e4t und Leidenschaft f\u00fcr gute K\u00fcche widerspiegelt. Es ist ein vielseitiges Produkt, perfekt zum W\u00fcrzen von Pasta oder zur Bereicherung anderer Gerichte der italienischen K\u00fcche.<\/p>\n<p>Die <strong>Sugo al Tris di Olive<\/strong> ist in einem Glas mit 220 Gramm verpackt. Nach dem \u00d6ffnen wird empfohlen, es im K\u00fchlschrank aufzubewahren, um seine Frische und seinen Geschmack zu bewahren.<\/p>\n<p>Zusammenfassend ist die <strong>Sugo al Tris di Olive<\/strong> ein Produkt, das nicht nur einen reichen und authentischen Geschmack bietet, sondern auch die Leidenschaft und die Liebe zur kulinarischen Tradition Apuliens verk\u00f6rpert.<\/p>\n<p>Es ist ein Produkt, das man ausprobieren sollte, wenn man die <strong>Aromen des Salento<\/strong> entdecken oder wiederentdecken m\u00f6chte.<\/p>\n","protected":false},"excerpt":{"rendered":"<p>Sugo al Tris di Olive Oro del Salento: eine Explosion von apulischen Aromen in einem Glas. Authentizit\u00e4t, Tradition und Qualit\u00e4t in jedem L\u00f6ffel. Passata di pomodoro Puglia, gr\u00fcne Oliven, rote, schwarze 13%, Oliven\u00f6l extra vergine, Ursprung, Zwiebel, Chili, Basilikum, Salz.<\/p>\n","protected":false},"featured_media":13375,"comment_status":"closed","ping_status":"closed","template":"","meta":{"_mbp_gutenberg_autopost":false,"_pgmb_is_evergreen":true,"_pgmb_ap_template_id":14124},"product_brand":[],"product_cat":[514],"product_tag":[],"class_list":{"0":"post-13857","1":"product","2":"type-product","3":"status-publish","4":"has-post-thumbnail","6":"product_cat-italienische-saucen","8":"first","9":"instock","10":"shipping-taxable","11":"purchasable","12":"product-type-simple"},"_links":{"self":[{"href":"https:\/\/www.orodelsalento.com\/de\/wp-json\/wp\/v2\/product\/13857","targetHints":{"allow":["GET"]}}],"collection":[{"href":"https:\/\/www.orodelsalento.com\/de\/wp-json\/wp\/v2\/product"}],"about":[{"href":"https:\/\/www.orodelsalento.com\/de\/wp-json\/wp\/v2\/types\/product"}],"replies":[{"embeddable":true,"href":"https:\/\/www.orodelsalento.com\/de\/wp-json\/wp\/v2\/comments?post=13857"}],"version-history":[{"count":1,"href":"https:\/\/www.orodelsalento.com\/de\/wp-json\/wp\/v2\/product\/13857\/revisions"}],"predecessor-version":[{"id":21023,"href":"https:\/\/www.orodelsalento.com\/de\/wp-json\/wp\/v2\/product\/13857\/revisions\/21023"}],"wp:featuredmedia":[{"embeddable":true,"href":"https:\/\/www.orodelsalento.com\/de\/wp-json\/wp\/v2\/media\/13375"}],"wp:attachment":[{"href":"https:\/\/www.orodelsalento.com\/de\/wp-json\/wp\/v2\/media?parent=13857"}],"wp:term":[{"taxonomy":"product_brand","embeddable":true,"href":"https:\/\/www.orodelsalento.com\/de\/wp-json\/wp\/v2\/product_brand?post=13857"},{"taxonomy":"product_cat","embeddable":true,"href":"https:\/\/www.orodelsalento.com\/de\/wp-json\/wp\/v2\/product_cat?post=13857"},{"taxonomy":"product_tag","embeddable":true,"href":"https:\/\/www.orodelsalento.com\/de\/wp-json\/wp\/v2\/product_tag?post=13857"}],"curies":[{"name":"wp","href":"https:\/\/api.w.org\/{rel}","templated":true}]}}