{"id":13859,"date":"2023-07-22T18:39:40","date_gmt":"2023-07-22T16:39:40","guid":{"rendered":"https:\/\/www.orodelsalento.com\/unkategorisiert\/cunserva-mara\/"},"modified":"2025-11-14T10:09:55","modified_gmt":"2025-11-14T09:09:55","slug":"cunserva-mara","status":"publish","type":"product","link":"https:\/\/www.orodelsalento.com\/de\/aufstrich\/cunserva-mara\/","title":{"rendered":"Cunserva Mara"},"content":{"rendered":"<p>Die <strong>Cunserva Mara<\/strong> ist ein einzigartiges und authentisches Produkt, ein Konzentrat aus Geschmack und Tradition, das die gesamte W\u00e4rme und Leidenschaft des Salento in sich vereint. Diese Delikatesse ist das Ergebnis eines alten Rezepts, das von Generation zu Generation weitergegeben wurde, eine perfekte Verbindung zwischen scharfen Chilischoten und lokalen Tomaten, in einem Verh\u00e4ltnis von 65-20.<\/p>\n<p>Die Zubereitung der <strong>Cunserva Mara<\/strong> ist ein langer und sorgf\u00e4ltiger Prozess, der Liebe und Geduld erfordert.<\/p>\n<p>Sie beginnt mit dem Kochen der Chilischoten und Tomaten, die dann in eine Art Passata verwandelt werden. Doch der Prozess endet hier nicht.<\/p>\n<p>Sobald die Passata getrocknet ist, wird sie nach und nach mit <strong>nativem Oliven\u00f6l<\/strong> vermischt, in einem Prozess, der nicht weniger als sieben Tage dauert. Wenn die <strong>Cunserva Mara<\/strong> fertig ist, wird sie in kleinen Glasbeh\u00e4ltern verpackt, bereit zum Genie\u00dfen.<\/p>\n<p>Die <strong>Cunserva Mara ist ein wahres Juwel der salentinischen K\u00fcche<\/strong>. Sie kann auf eine Scheibe warmes Brot gestrichen, zur Pasta hinzugef\u00fcgt oder verwendet werden, um jedes Gericht zu bereichern. Ihr intensiver und scharfer, aber gleichzeitig s\u00fc\u00dfer Geschmack macht sie zu einer vielseitigen und beliebten Zutat.<\/p>\n<p>Die <strong>Cunserva Mara<\/strong>, die wir anbieten, hat ein Gewicht von 130 g und enth\u00e4lt die Zutaten Tomate 65%, scharfe Chilischote 20%, natives Oliven\u00f6l 14%. Diese Kombination aus hochwertigen Zutaten garantiert ein Produkt von Exzellenz, reich an Geschmack und Tradition.<\/p>\n<p>Die Cunserva Mara ist ein Produkt, das eine Geschichte erz\u00e4hlt, die eines <strong>Gebiets, das reich an Traditionen ist und einer K\u00fcche<\/strong>, die es verstanden hat, die authentischen Aromen ihrer Erde \u00fcber die Zeit zu bewahren.<\/p>\n<p>Jedes Glas <strong>Cunserva Mara ist eine Reise ins Salento<\/strong>, ein einzigartiges gastronomisches Erlebnis, das es dir erm\u00f6glicht, den intensiven und authentischen Geschmack dieses Landes zu genie\u00dfen.<\/p>\n<p>Die Zubereitung der <strong>Cunserva Mara<\/strong> ist ein Ritual, das w\u00e4hrend der langen und sonnigen <strong>salentinischen Sommer<\/strong> stattfindet. Die <strong>Gro\u00dfm\u00fctter bereiteten die Cunserva Mara oft auf den Terrassen der H\u00e4user<\/strong> zu, indem sie die Passata der Sonne aussetzten und sie nachts sch\u00fctzten, um sie vor Feuchtigkeit zu bewahren.<\/p>\n<p>Dieser Prozess, der Zeit und Geduld erfordert, garantiert ein Produkt von hoher Qualit\u00e4t mit einem unverwechselbaren Geschmack.<\/p>\n<p>Die <strong>Cunserva Mara ist ein vielseitiges Produkt<\/strong>, perfekt, um deine Gerichte zu bereichern und deinen Rezepten einen zus\u00e4tzlichen Geschmack zu verleihen. Du kannst sie auf eine Scheibe warmes Brot streichen f\u00fcr einen schnellen und schmackhaften Snack oder sie verwenden, um die Pasta zu w\u00fcrzen, f\u00fcr ein Mittag- oder Abendessen im Zeichen der salentinischen Tradition.<\/p>\n<p>Die Cunserva Mara ist auch die ideale Zutat, um aufwendigere Gerichte wie Braten oder Eint\u00f6pfe zuzubereiten, und verleiht jedem Gericht eine scharfe Note, die es einzigartig macht.<\/p>\n<p>Die <strong>Cunserva Mara ist ein Luxusprodukt<\/strong>, eine Delikatesse, die in der Speisekammer eines Liebhabers der italienischen K\u00fcche und der authentischen Aromen nicht fehlen darf. Jedes Glas <strong>Cunserva Mara ist ein Versprechen f\u00fcr Qualit\u00e4t<\/strong>, ein Produkt, das die Tradition respektiert und dir erm\u00f6glicht, den echten <strong>Geschmack des Salento<\/strong> auf den Tisch zu bringen.<\/p>\n","protected":false},"excerpt":{"rendered":"<p>Entdecke die Cunserva Mara, authentischer Geschmack aus dem Salento. Ein Konzentrat aus Chili und Tomate, zubereitet mit Liebe und Tradition. Perfekt, um deine Gerichte zu bereichern.<\/p>\n","protected":false},"featured_media":13356,"comment_status":"closed","ping_status":"closed","template":"","meta":{"_mbp_gutenberg_autopost":false,"_pgmb_is_evergreen":true,"_pgmb_ap_template_id":14124},"product_brand":[],"product_cat":[206],"product_tag":[],"class_list":{"0":"post-13859","1":"product","2":"type-product","3":"status-publish","4":"has-post-thumbnail","6":"product_cat-aufstrich","8":"first","9":"instock","10":"shipping-taxable","11":"purchasable","12":"product-type-simple"},"_links":{"self":[{"href":"https:\/\/www.orodelsalento.com\/de\/wp-json\/wp\/v2\/product\/13859","targetHints":{"allow":["GET"]}}],"collection":[{"href":"https:\/\/www.orodelsalento.com\/de\/wp-json\/wp\/v2\/product"}],"about":[{"href":"https:\/\/www.orodelsalento.com\/de\/wp-json\/wp\/v2\/types\/product"}],"replies":[{"embeddable":true,"href":"https:\/\/www.orodelsalento.com\/de\/wp-json\/wp\/v2\/comments?post=13859"}],"version-history":[{"count":0,"href":"https:\/\/www.orodelsalento.com\/de\/wp-json\/wp\/v2\/product\/13859\/revisions"}],"wp:featuredmedia":[{"embeddable":true,"href":"https:\/\/www.orodelsalento.com\/de\/wp-json\/wp\/v2\/media\/13356"}],"wp:attachment":[{"href":"https:\/\/www.orodelsalento.com\/de\/wp-json\/wp\/v2\/media?parent=13859"}],"wp:term":[{"taxonomy":"product_brand","embeddable":true,"href":"https:\/\/www.orodelsalento.com\/de\/wp-json\/wp\/v2\/product_brand?post=13859"},{"taxonomy":"product_cat","embeddable":true,"href":"https:\/\/www.orodelsalento.com\/de\/wp-json\/wp\/v2\/product_cat?post=13859"},{"taxonomy":"product_tag","embeddable":true,"href":"https:\/\/www.orodelsalento.com\/de\/wp-json\/wp\/v2\/product_tag?post=13859"}],"curies":[{"name":"wp","href":"https:\/\/api.w.org\/{rel}","templated":true}]}}