{"id":19794,"date":"2025-08-02T20:16:20","date_gmt":"2025-08-02T18:16:20","guid":{"rendered":"https:\/\/www.orodelsalento.com\/unkategorisiert\/oregano-zerstossen-50g\/"},"modified":"2025-12-15T16:37:56","modified_gmt":"2025-12-15T15:37:56","slug":"oregano-zerstossen-50g","status":"publish","type":"product","link":"https:\/\/www.orodelsalento.com\/de\/gewurze-de\/oregano-zerstossen-50g\/","title":{"rendered":"Oregano gemahlen 50g"},"content":{"rendered":"<p>Der <strong>Oregano Frantumato Oro del Salento<\/strong> ist ein hochwertiges mediterranes Gew\u00fcrz, das f\u00fcr diejenigen gedacht ist, die den authentischen Geschmack der <strong>mediterranen K\u00fcche<\/strong> auf den Tisch bringen m\u00f6chten. Von Hand geerntet und sorgf\u00e4ltig handwerklich verarbeitet, bewahrt der zersto\u00dfene Oregano ein intensives und langanhaltendes Aroma, das jedes Gericht mit einem nat\u00fcrlichen und echten Touch bereichert. Die Auswahl der Bl\u00e4tter garantiert nur das Beste der Pflanze, f\u00fcr ein Produkt mit einem ausgepr\u00e4gten Duft und einem authentischen Geschmack.<\/p>\n<p>Dank seiner Vielseitigkeit ist der <strong>zersto\u00dfene Oregano<\/strong> ideal zum <strong>W\u00fcrzen von Pizza und Focaccia<\/strong>, zum Verfeinern von <strong>hausgemachten Saucen und So\u00dfen<\/strong>, zum Bereichern von <strong>Salaten, Gem\u00fcse und Beilagen<\/strong> und um Fleisch und Fisch vom Grill einen besonderen Touch zu verleihen. Die Bl\u00e4tter entfalten aromatische Noten, die typisch f\u00fcr das Mittelmeer sind, und bringen Frische, Geschmack und Echtheit auf den Tisch. Perfekt auch f\u00fcr diejenigen, die eine <strong>mediterrane Di\u00e4t<\/strong> einhalten oder hochwertige nat\u00fcrliche Zutaten suchen.<\/p>\n<p>Unser Oregano ist <strong>100% nat\u00fcrlich<\/strong>, ohne Zusatzstoffe oder Konservierungsmittel, reich an \u00e4therischen \u00d6len und nat\u00fcrlichen Antioxidantien. Jede Verpackung ist so gestaltet, dass sie das Aroma der Bl\u00e4tter bewahrt und deren Frische garantiert, sodass immer ein gebrauchsfertiges, duftendes und schmackhaftes Gew\u00fcrz zur Verf\u00fcgung steht. Dank des handwerklichen Prozesses beh\u00e4lt jedes K\u00f6rnchen den authentischen Geschmack der mediterranen Tradition.<\/p>\n<h2>Warum den Oregano Frantumato Oro del Salento w\u00e4hlen<\/h2>\n<ul>\n<li><strong>100% nat\u00fcrlich<\/strong>, ohne Zusatzstoffe oder Konservierungsmittel<\/li>\n<li>Reich an <strong>\u00e4therischen \u00d6len<\/strong> und Antioxidantien<\/li>\n<li>Ausgew\u00e4hlte Herkunft und handwerkliche Verarbeitung<\/li>\n<li>Perfekt f\u00fcr die <strong>mediterrane K\u00fcche<\/strong> und die <strong>mediterrane Di\u00e4t<\/strong><\/li>\n<li>Ideal f\u00fcr <strong>Pizza, Saucen, Salate, Gem\u00fcse, Fleisch und Fisch<\/strong><\/li>\n<\/ul>\n<p>Mit dem <strong>Oregano Frantumato Oro del Salento<\/strong> werden selbst die einfachsten Gerichte zu einem intensiven und duftenden kulinarischen Erlebnis, das den nat\u00fcrlichen Geschmack der Zutaten hervorhebt und den authentischen mediterranen Geschmack auf den Tisch bringt. Ein vielseitiges, echtes und aromatisches Gew\u00fcrz, perfekt f\u00fcr jede K\u00fcche.<\/p>\n","protected":false},"excerpt":{"rendered":"<p>L\u2019Origano Frantumato Oro del Salento bringt den authentischen Geschmack der mediterranen K\u00fcche auf den Tisch. Von Hand geerntet und sorgf\u00e4ltig verarbeitet, bewahrt es ein intensives und anhaltendes Aroma, perfekt zum W\u00fcrzen von Pizza, Saucen, Gem\u00fcse, Fleisch und Fisch. 100% nat\u00fcrlich, ohne Konservierungsstoffe, ist es das ideale Gew\u00fcrz f\u00fcr alle, die echten Geschmack und handwerkliche Qualit\u00e4t in jedem Gericht suchen.<\/p>\n","protected":false},"featured_media":19709,"comment_status":"closed","ping_status":"closed","template":"","meta":{"_mbp_gutenberg_autopost":false,"_pgmb_is_evergreen":true,"_pgmb_ap_template_id":14124},"product_brand":[],"product_cat":[1037],"product_tag":[],"class_list":{"0":"post-19794","1":"product","2":"type-product","3":"status-publish","4":"has-post-thumbnail","6":"product_cat-gewurze-de","8":"first","9":"instock","10":"shipping-taxable","11":"purchasable","12":"product-type-simple"},"_links":{"self":[{"href":"https:\/\/www.orodelsalento.com\/de\/wp-json\/wp\/v2\/product\/19794","targetHints":{"allow":["GET"]}}],"collection":[{"href":"https:\/\/www.orodelsalento.com\/de\/wp-json\/wp\/v2\/product"}],"about":[{"href":"https:\/\/www.orodelsalento.com\/de\/wp-json\/wp\/v2\/types\/product"}],"replies":[{"embeddable":true,"href":"https:\/\/www.orodelsalento.com\/de\/wp-json\/wp\/v2\/comments?post=19794"}],"version-history":[{"count":0,"href":"https:\/\/www.orodelsalento.com\/de\/wp-json\/wp\/v2\/product\/19794\/revisions"}],"wp:featuredmedia":[{"embeddable":true,"href":"https:\/\/www.orodelsalento.com\/de\/wp-json\/wp\/v2\/media\/19709"}],"wp:attachment":[{"href":"https:\/\/www.orodelsalento.com\/de\/wp-json\/wp\/v2\/media?parent=19794"}],"wp:term":[{"taxonomy":"product_brand","embeddable":true,"href":"https:\/\/www.orodelsalento.com\/de\/wp-json\/wp\/v2\/product_brand?post=19794"},{"taxonomy":"product_cat","embeddable":true,"href":"https:\/\/www.orodelsalento.com\/de\/wp-json\/wp\/v2\/product_cat?post=19794"},{"taxonomy":"product_tag","embeddable":true,"href":"https:\/\/www.orodelsalento.com\/de\/wp-json\/wp\/v2\/product_tag?post=19794"}],"curies":[{"name":"wp","href":"https:\/\/api.w.org\/{rel}","templated":true}]}}