{"id":6648,"date":"2020-06-06T18:54:57","date_gmt":"2020-06-06T16:54:57","guid":{"rendered":"https:\/\/www.orodelsalento.com\/unkategorisiert\/food\/"},"modified":"2025-12-18T09:33:48","modified_gmt":"2025-12-18T08:33:48","slug":"food-box-gallipoli-mit-typischen-produkten","status":"publish","type":"product","link":"https:\/\/www.orodelsalento.com\/de\/geschenkpakete\/food-box-gallipoli-mit-typischen-produkten\/","title":{"rendered":"Gallipoli-Feinkostbox mit typischen Produkten aus Apulien"},"content":{"rendered":"<p>Eine Box voller typischer Produkte aus Apulien, <strong>Oro del Salento<\/strong> pr\u00e4sentiert die <strong>Box Gallipoli.<\/strong><\/p>\n<p>Wenn du die <strong>Food Box Gallipoli<\/strong> w\u00e4hlst, erh\u00e4ltst du direkt nach Hause neue Produkte, die noch nicht im Online-Katalog verf\u00fcgbar sind, die <span style=\"font-weight: 400;\">Maccheroncini Fior di Grano und die Orecchiette Fior di Orzo, die gelbe und die rote Tomatensauce.<\/span><\/p>\n<p>Beim Kauf der <strong>Box mit typischen Produkten aus Gallipoli<\/strong> erh\u00e4ltst du einen durchschnittlichen Rabatt von 12% und die Box wird innerhalb von 48 Stunden geliefert.<\/p>\n<p>Hier ist im Detail, was du nach Hause bekommst:<\/p>\n<ul>\n<li>3L Dose Oliven\u00f6l Extra Vergine Casciani<\/li>\n<li>130 g Olivenpaste<\/li>\n<li>130 g getrocknete Tomatenpaste<\/li>\n<li>680 g rote Tomatensauce<\/li>\n<li>420 g gelbe Tomatensauce<\/li>\n<li>230 g getrocknete Tomaten mit K\u00e4se gef\u00fcllt<\/li>\n<li>190 g getrocknete Tomatenpesto mit Ricotta<\/li>\n<li>500 g Maccheroncini Fior di Grano<\/li>\n<li>500 g Orecchiette Fior di Orzo<\/li>\n<li>300 g mit Mandeln gef\u00fcllte Oliven in extra vergine Oliven\u00f6l<\/li>\n<li>250 g gemischte Oliven in extra vergine Oliven\u00f6l<\/li>\n<\/ul>\n","protected":false},"excerpt":{"rendered":"<p>Die Lebensmittelbox mit dem Namen Gallipoli umfasst eine Dose Oliven\u00f6l extra vergine mit kr\u00e4ftigem Geschmack Casciani 3L, schwarze Olivenpaste und getrocknete Tomatenpaste, eine rote und eine gelbe Tomatensauce, eine Rolle mit getrockneten Tomaten und K\u00e4se, Pesto aus getrockneten Tomaten mit kr\u00e4ftigem Ricotta, eine Packung Maccheroncini Fior di Grano und eine Packung Orecchiette Fior di Orzo, eine Packung gef\u00fcllte Oliven mit Mandeln und eine Packung gemischte Oliven.<\/p>\n","protected":false},"featured_media":6649,"comment_status":"open","ping_status":"closed","template":"","meta":{"_mbp_gutenberg_autopost":false,"_pgmb_is_evergreen":true,"_pgmb_ap_template_id":14124},"product_brand":[],"product_cat":[1031],"product_tag":[],"class_list":{"0":"post-6648","1":"product","2":"type-product","3":"status-publish","4":"has-post-thumbnail","6":"product_cat-geschenkpakete","8":"first","9":"instock","10":"sale","11":"shipping-taxable","12":"purchasable","13":"product-type-simple"},"_links":{"self":[{"href":"https:\/\/www.orodelsalento.com\/de\/wp-json\/wp\/v2\/product\/6648","targetHints":{"allow":["GET"]}}],"collection":[{"href":"https:\/\/www.orodelsalento.com\/de\/wp-json\/wp\/v2\/product"}],"about":[{"href":"https:\/\/www.orodelsalento.com\/de\/wp-json\/wp\/v2\/types\/product"}],"replies":[{"embeddable":true,"href":"https:\/\/www.orodelsalento.com\/de\/wp-json\/wp\/v2\/comments?post=6648"}],"version-history":[{"count":0,"href":"https:\/\/www.orodelsalento.com\/de\/wp-json\/wp\/v2\/product\/6648\/revisions"}],"wp:featuredmedia":[{"embeddable":true,"href":"https:\/\/www.orodelsalento.com\/de\/wp-json\/wp\/v2\/media\/6649"}],"wp:attachment":[{"href":"https:\/\/www.orodelsalento.com\/de\/wp-json\/wp\/v2\/media?parent=6648"}],"wp:term":[{"taxonomy":"product_brand","embeddable":true,"href":"https:\/\/www.orodelsalento.com\/de\/wp-json\/wp\/v2\/product_brand?post=6648"},{"taxonomy":"product_cat","embeddable":true,"href":"https:\/\/www.orodelsalento.com\/de\/wp-json\/wp\/v2\/product_cat?post=6648"},{"taxonomy":"product_tag","embeddable":true,"href":"https:\/\/www.orodelsalento.com\/de\/wp-json\/wp\/v2\/product_tag?post=6648"}],"curies":[{"name":"wp","href":"https:\/\/api.w.org\/{rel}","templated":true}]}}