{"id":6690,"date":"2020-06-06T18:54:54","date_gmt":"2020-06-06T16:54:54","guid":{"rendered":"https:\/\/www.orodelsalento.com\/unkategorisiert\/food-box-torre-san-giovanni-aus-typischen-produkten-aus-apulien\/"},"modified":"2025-12-18T09:39:48","modified_gmt":"2025-12-18T08:39:48","slug":"food-box-torre-san-giovanni-aus-typischen-produkten-aus-apulien","status":"publish","type":"product","link":"https:\/\/www.orodelsalento.com\/de\/geschenkpakete\/food-box-torre-san-giovanni-aus-typischen-produkten-aus-apulien\/","title":{"rendered":"Torre San Giovanni Lebensmittelbox mit typischen Produkten aus Apulien"},"content":{"rendered":"<p>Eine originelle M\u00f6glichkeit, sich mit typischen Produkten aus Apulien einzudecken, <strong>Oro del Salento<\/strong> pr\u00e4sentiert die <strong>Box Torre San Giovanni<\/strong>, eine Box voller K\u00f6stlichkeiten, die bereits verpackt und bereit zum Genie\u00dfen ist.<\/p>\n<p>Wenn du die <strong>Food Box Torre San Giovanni<\/strong> w\u00e4hlst, erh\u00e4ltst du direkt nach Hause eine Reihe von Produkten, die in unserem Online-Shop und dar\u00fcber hinaus erh\u00e4ltlich sind. Au\u00dferdem profitiert die Box von einem Rabatt von 14%, sodass du \u00fcber 7\u20ac auf den Gesamtbetrag sparst.<\/p>\n<p>F\u00fcr diesen Anlass enth\u00e4lt die Box die typische apulische Pasta, Maccheroncini und Orecchiette aus Gerste sowie die rote Tomatensauce.<\/p>\n<p>Hier ist im Detail, was du innerhalb von 48 Arbeitsstunden nach Hause geliefert bekommst.<\/p>\n<ul>\n<li>Extravergine Oliven\u00f6l Paiano 0,75 L<\/li>\n<li>Extravergine Oliven\u00f6l Casciani 0,75 L<\/li>\n<li>2 Rote Tomatensauce 680 gr<\/li>\n<li>Maccheroncini Fior di Grano 500 gr<\/li>\n<li>Orecchiette Fior di Orzo 500 gr<\/li>\n<li>Bruschetta Salentina 190 gr<\/li>\n<li>Gr\u00fcner Olivenpat\u00e9 130 gr<\/li>\n<li>Mit Mandeln gef\u00fcllte Oliven in extraverginem Oliven\u00f6l 300 gr<\/li>\n<li>Gemischte Oliven in extraverginem Oliven\u00f6l 250 gr<\/li>\n<li>Pizzicata Salentina Pat\u00e9 130 gr<\/li>\n<\/ul>\n","protected":false},"excerpt":{"rendered":"<p>Die Lebensmittelbox Torre San Giovanni umfasst nativem Oliven\u00f6l extra mit kr\u00e4ftigem Geschmack und einem mit mildem Geschmack, rote Tomatensauce, Maccheroncini Fior di Grano und Orecchiette aus Gerste, Salentina Bruschetta, gef\u00fcllte Oliven mit Mandeln und gemischte Oliven, Salentina P\u00e2t\u00e9 und gr\u00fcne Oliven.<\/p>\n","protected":false},"featured_media":6691,"comment_status":"open","ping_status":"closed","template":"","meta":{"_mbp_gutenberg_autopost":false,"_pgmb_is_evergreen":true,"_pgmb_ap_template_id":14124},"product_brand":[],"product_cat":[1031],"product_tag":[],"class_list":{"0":"post-6690","1":"product","2":"type-product","3":"status-publish","4":"has-post-thumbnail","6":"product_cat-geschenkpakete","8":"first","9":"instock","10":"sale","11":"shipping-taxable","12":"purchasable","13":"product-type-simple"},"_links":{"self":[{"href":"https:\/\/www.orodelsalento.com\/de\/wp-json\/wp\/v2\/product\/6690","targetHints":{"allow":["GET"]}}],"collection":[{"href":"https:\/\/www.orodelsalento.com\/de\/wp-json\/wp\/v2\/product"}],"about":[{"href":"https:\/\/www.orodelsalento.com\/de\/wp-json\/wp\/v2\/types\/product"}],"replies":[{"embeddable":true,"href":"https:\/\/www.orodelsalento.com\/de\/wp-json\/wp\/v2\/comments?post=6690"}],"version-history":[{"count":0,"href":"https:\/\/www.orodelsalento.com\/de\/wp-json\/wp\/v2\/product\/6690\/revisions"}],"wp:featuredmedia":[{"embeddable":true,"href":"https:\/\/www.orodelsalento.com\/de\/wp-json\/wp\/v2\/media\/6691"}],"wp:attachment":[{"href":"https:\/\/www.orodelsalento.com\/de\/wp-json\/wp\/v2\/media?parent=6690"}],"wp:term":[{"taxonomy":"product_brand","embeddable":true,"href":"https:\/\/www.orodelsalento.com\/de\/wp-json\/wp\/v2\/product_brand?post=6690"},{"taxonomy":"product_cat","embeddable":true,"href":"https:\/\/www.orodelsalento.com\/de\/wp-json\/wp\/v2\/product_cat?post=6690"},{"taxonomy":"product_tag","embeddable":true,"href":"https:\/\/www.orodelsalento.com\/de\/wp-json\/wp\/v2\/product_tag?post=6690"}],"curies":[{"name":"wp","href":"https:\/\/api.w.org\/{rel}","templated":true}]}}