{"id":6713,"date":"2020-05-19T10:41:29","date_gmt":"2020-05-19T08:41:29","guid":{"rendered":"https:\/\/www.orodelsalento.com\/unkategorisiert\/extra-natives-olivenol-casciani-robust-blechdose-1-l\/"},"modified":"2025-11-11T13:28:37","modified_gmt":"2025-11-11T12:28:37","slug":"extra-natives-olivenol-casciani-robust-blechdose-1-l","status":"publish","type":"product","link":"https:\/\/www.orodelsalento.com\/de\/extra-natives-olivenol\/extra-natives-olivenol-casciani-robust-blechdose-1-l\/","title":{"rendered":"Olio Extravergine Gusto Deciso Casciani \u2013 Dose 1 Liter | Campagna Olearia 2025\/2026"},"content":{"rendered":"<p><strong>Campagna Olearia 2025\/2026:<\/strong> Das <strong>Gusto Deciso Casciani<\/strong> Oliven\u00f6l <strong>Oro del Salento<\/strong> entsteht aus den ersten Pressungen der neuen Saison. Kalt gepresst und abgef\u00fcllt in <strong>1-Liter-Dose<\/strong>, bietet es einen kr\u00e4ftigen und authentischen Geschmack, ideal f\u00fcr Liebhaber von \u00d6len mit Charakter und intensivem Aroma.<\/p>\n<p>Das ausgewogene und kr\u00e4ftige Aromaprofil mit fruchtigen, bitteren und leicht scharfen Noten macht das \u00d6l perfekt f\u00fcr <strong>rohe Gerichte, Gem\u00fcse, Pasta und gegrilltes Fleisch<\/strong>. Jede Flasche bringt die Frische der Campagna Olearia 2025\/2026 auf den Tisch.<\/p>\n<h2>Hauptmerkmale<\/h2>\n<ul>\n<li><strong>Jahrgang:<\/strong> Campagna Olearia 2025\/2026<\/li>\n<li><strong>Format:<\/strong> 1-Liter-Dose<\/li>\n<li><strong>Typ:<\/strong> Natives Oliven\u00f6l extra \u2013 kr\u00e4ftiger Geschmack<\/li>\n<li><strong>Extraktion:<\/strong> Kalt gepresst innerhalb weniger Stunden nach der Ernte<\/li>\n<li><strong>Aromaprofil:<\/strong> Intensiv fruchtig, mit leichten bitteren und scharfen Noten<\/li>\n<li><strong>Ideal f\u00fcr:<\/strong> Rohe Gerichte, Bruschetta, Pasta und gegrilltes Fleisch<\/li>\n<li><strong>Verpackung:<\/strong> Versiegelte Dose zur Erhaltung von Frische und Geschmack<\/li>\n<\/ul>\n<blockquote>\n<p>Das <strong>Gusto Deciso Casciani 2025\/2026<\/strong> in der 1-Liter-Dose ist ein \u00d6l mit einem kr\u00e4ftigen und authentischen Charakter, gedacht f\u00fcr diejenigen, die echtes Qualit\u00e4ts\u00f6l sch\u00e4tzen.<\/p>\n<\/blockquote>\n","protected":false},"excerpt":{"rendered":"<p data-start=\"2253\" data-end=\"2593\">\u00d6l mit intensivem Charakter, kalt gepresst und in einer 1-Liter-Dose aus der Campagna Olearia 2025\/2026 abgef\u00fcllt. Der ausgepr\u00e4gte Geschmack von Casciani <strong data-start=\"2450\" data-end=\"2469\">Oro del Salento<\/strong> hebt rohe Gerichte, Pasta und Fleisch mit fruchtigem und harmonischem Aroma hervor. Perfekt f\u00fcr alle, die ein authentisches und qualitativ hochwertiges \u00d6l suchen.<\/p>\n","protected":false},"featured_media":6714,"comment_status":"open","ping_status":"closed","template":"","meta":{"_mbp_gutenberg_autopost":false,"_pgmb_is_evergreen":false,"_pgmb_ap_template_id":14124},"product_brand":[360],"product_cat":[204],"product_tag":[],"class_list":{"0":"post-6713","1":"product","2":"type-product","3":"status-publish","4":"has-post-thumbnail","6":"product_brand-oro-del-salento-de","7":"product_cat-extra-natives-olivenol","9":"first","10":"instock","11":"sale","12":"featured","13":"shipping-taxable","14":"purchasable","15":"product-type-simple"},"_links":{"self":[{"href":"https:\/\/www.orodelsalento.com\/de\/wp-json\/wp\/v2\/product\/6713","targetHints":{"allow":["GET"]}}],"collection":[{"href":"https:\/\/www.orodelsalento.com\/de\/wp-json\/wp\/v2\/product"}],"about":[{"href":"https:\/\/www.orodelsalento.com\/de\/wp-json\/wp\/v2\/types\/product"}],"replies":[{"embeddable":true,"href":"https:\/\/www.orodelsalento.com\/de\/wp-json\/wp\/v2\/comments?post=6713"}],"version-history":[{"count":0,"href":"https:\/\/www.orodelsalento.com\/de\/wp-json\/wp\/v2\/product\/6713\/revisions"}],"wp:featuredmedia":[{"embeddable":true,"href":"https:\/\/www.orodelsalento.com\/de\/wp-json\/wp\/v2\/media\/6714"}],"wp:attachment":[{"href":"https:\/\/www.orodelsalento.com\/de\/wp-json\/wp\/v2\/media?parent=6713"}],"wp:term":[{"taxonomy":"product_brand","embeddable":true,"href":"https:\/\/www.orodelsalento.com\/de\/wp-json\/wp\/v2\/product_brand?post=6713"},{"taxonomy":"product_cat","embeddable":true,"href":"https:\/\/www.orodelsalento.com\/de\/wp-json\/wp\/v2\/product_cat?post=6713"},{"taxonomy":"product_tag","embeddable":true,"href":"https:\/\/www.orodelsalento.com\/de\/wp-json\/wp\/v2\/product_tag?post=6713"}],"curies":[{"name":"wp","href":"https:\/\/api.w.org\/{rel}","templated":true}]}}