{"id":6809,"date":"2020-05-02T21:19:30","date_gmt":"2020-05-02T19:19:30","guid":{"rendered":"https:\/\/www.orodelsalento.com\/unkategorisiert\/gequetschte-grune-oliven-scharf\/"},"modified":"2023-01-05T17:55:18","modified_gmt":"2023-01-05T16:55:18","slug":"gequetschte-grune-oliven-scharf","status":"publish","type":"product","link":"https:\/\/www.orodelsalento.com\/de\/oliven\/gequetschte-grune-oliven-scharf\/","title":{"rendered":"Gequetschte gr\u00fcne Oliven scharf"},"content":{"rendered":"<p>Gequetschte gr\u00fcne Oliven in extra natives Oliven\u00f6l luftdicht verschwei\u00dft, mediterran gew\u00fcrtzt, reich an Geschmack und Aroma aus dem S\u00fcden.\u00a0<\/p>\n<p>Oliven in extra natives Oliven\u00f6l in Standbodenbeutel verschwei\u00dft 250 g.<\/p>\n","protected":false},"excerpt":{"rendered":"<p>Gequetschte gr\u00fcne Oliven (80%) , extra natives Oliven\u00f6l (15%) , peperoncino scharf (5%) , Lorbeer, Salz.<\/p>\n","protected":false},"featured_media":6810,"comment_status":"open","ping_status":"closed","template":"","meta":{"_mbp_gutenberg_autopost":false,"_pgmb_is_evergreen":true,"_pgmb_ap_template_id":0},"product_brand":[],"product_cat":[205],"product_tag":[],"class_list":{"0":"post-6809","1":"product","2":"type-product","3":"status-publish","4":"has-post-thumbnail","6":"product_cat-oliven","8":"first","9":"instock","10":"shipping-taxable","11":"purchasable","12":"product-type-simple"},"_links":{"self":[{"href":"https:\/\/www.orodelsalento.com\/de\/wp-json\/wp\/v2\/product\/6809","targetHints":{"allow":["GET"]}}],"collection":[{"href":"https:\/\/www.orodelsalento.com\/de\/wp-json\/wp\/v2\/product"}],"about":[{"href":"https:\/\/www.orodelsalento.com\/de\/wp-json\/wp\/v2\/types\/product"}],"replies":[{"embeddable":true,"href":"https:\/\/www.orodelsalento.com\/de\/wp-json\/wp\/v2\/comments?post=6809"}],"version-history":[{"count":0,"href":"https:\/\/www.orodelsalento.com\/de\/wp-json\/wp\/v2\/product\/6809\/revisions"}],"wp:featuredmedia":[{"embeddable":true,"href":"https:\/\/www.orodelsalento.com\/de\/wp-json\/wp\/v2\/media\/6810"}],"wp:attachment":[{"href":"https:\/\/www.orodelsalento.com\/de\/wp-json\/wp\/v2\/media?parent=6809"}],"wp:term":[{"taxonomy":"product_brand","embeddable":true,"href":"https:\/\/www.orodelsalento.com\/de\/wp-json\/wp\/v2\/product_brand?post=6809"},{"taxonomy":"product_cat","embeddable":true,"href":"https:\/\/www.orodelsalento.com\/de\/wp-json\/wp\/v2\/product_cat?post=6809"},{"taxonomy":"product_tag","embeddable":true,"href":"https:\/\/www.orodelsalento.com\/de\/wp-json\/wp\/v2\/product_tag?post=6809"}],"curies":[{"name":"wp","href":"https:\/\/api.w.org\/{rel}","templated":true}]}}