{"id":6813,"date":"2020-04-15T10:21:15","date_gmt":"2020-04-15T08:21:15","guid":{"rendered":"https:\/\/www.orodelsalento.com\/unkategorisiert\/getrocknete-kirschtomaten-in-olivenol\/"},"modified":"2025-11-14T08:58:49","modified_gmt":"2025-11-14T07:58:49","slug":"getrocknete-kirschtomaten-in-olivenol","status":"publish","type":"product","link":"https:\/\/www.orodelsalento.com\/de\/produkte-in-ol\/getrocknete-kirschtomaten-in-olivenol\/","title":{"rendered":"Getrocknete Kirschtomaten in Oliven\u00f6l"},"content":{"rendered":"<p>Die Kirschtomate ist f\u00fcr gew\u00f6hnlich kleiner als die regul\u00e4re Tomate und vom Geschmack s\u00fc\u00dflicher. Oftmals wird es zu Salaten oder als Snack gegessen oder auch zum Verziehren von Speisen verwendet. Der Durchmesser variiert zwischen 3 und 10 cm, wie auch die Form manchmal r\u00fcndlicher sein kann und manchmal mehr einer Elispe \u00e4hnelt.\u00a0<\/p>\n","protected":false},"excerpt":{"rendered":"<p>Kirschtomate (64,75%) an der Sonne getrocknet, extra natives Oliven\u00f6l (32,38%), Zucker, Karpern, Salz, Petersilie, Minze, Origano, in glas 230 g.\u00a0<\/p>\n","protected":false},"featured_media":6814,"comment_status":"open","ping_status":"closed","template":"","meta":{"_mbp_gutenberg_autopost":false,"_pgmb_is_evergreen":true,"_pgmb_ap_template_id":14124},"product_brand":[],"product_cat":[207],"product_tag":[],"class_list":{"0":"post-6813","1":"product","2":"type-product","3":"status-publish","4":"has-post-thumbnail","6":"product_cat-produkte-in-ol","8":"first","9":"instock","10":"shipping-taxable","11":"purchasable","12":"product-type-simple"},"_links":{"self":[{"href":"https:\/\/www.orodelsalento.com\/de\/wp-json\/wp\/v2\/product\/6813","targetHints":{"allow":["GET"]}}],"collection":[{"href":"https:\/\/www.orodelsalento.com\/de\/wp-json\/wp\/v2\/product"}],"about":[{"href":"https:\/\/www.orodelsalento.com\/de\/wp-json\/wp\/v2\/types\/product"}],"replies":[{"embeddable":true,"href":"https:\/\/www.orodelsalento.com\/de\/wp-json\/wp\/v2\/comments?post=6813"}],"version-history":[{"count":0,"href":"https:\/\/www.orodelsalento.com\/de\/wp-json\/wp\/v2\/product\/6813\/revisions"}],"wp:featuredmedia":[{"embeddable":true,"href":"https:\/\/www.orodelsalento.com\/de\/wp-json\/wp\/v2\/media\/6814"}],"wp:attachment":[{"href":"https:\/\/www.orodelsalento.com\/de\/wp-json\/wp\/v2\/media?parent=6813"}],"wp:term":[{"taxonomy":"product_brand","embeddable":true,"href":"https:\/\/www.orodelsalento.com\/de\/wp-json\/wp\/v2\/product_brand?post=6813"},{"taxonomy":"product_cat","embeddable":true,"href":"https:\/\/www.orodelsalento.com\/de\/wp-json\/wp\/v2\/product_cat?post=6813"},{"taxonomy":"product_tag","embeddable":true,"href":"https:\/\/www.orodelsalento.com\/de\/wp-json\/wp\/v2\/product_tag?post=6813"}],"curies":[{"name":"wp","href":"https:\/\/api.w.org\/{rel}","templated":true}]}}