{"id":6843,"date":"2020-03-05T10:59:40","date_gmt":"2020-03-05T09:59:40","guid":{"rendered":"https:\/\/www.orodelsalento.com\/unkategorisiert\/olivenmix-grun-und-schwarz-auch-in-scharfer-variante\/"},"modified":"2026-01-08T09:22:45","modified_gmt":"2026-01-08T08:22:45","slug":"olivenmix-grun-und-schwarz-auch-in-scharfer-variante","status":"publish","type":"product","link":"https:\/\/www.orodelsalento.com\/de\/oliven\/olivenmix-grun-und-schwarz-auch-in-scharfer-variante\/","title":{"rendered":"Mischung aus schwarzen und gr\u00fcnen Oliven, auch in der scharfen Variante"},"content":{"rendered":"<p>Ein Mix aus<strong> gr\u00fcnen und schwarzen Oliven<\/strong>, alles in <strong>nativem Oliven\u00f6l extra<\/strong>, bildet diesen schmackhaften Mix, der sich f\u00fcr Salate, kalte Gerichte, Canap\u00e9s und\/oder f\u00fcr Aperitifs eignet.<\/p>\n<p><strong>Schwarze und gr\u00fcne Oliven<\/strong> (80%), nativem Oliven\u00f6l extra (urspr\u00fcnglich) aromatisiert mit einer Prise Lorbeer, Oregano, Rosmarin, Knoblauch, Salz.<\/p>\n<p>Die Verpackung von <strong><a href=\"https:\/\/www.orodelsalento.com\/de\/oliven\/\" target=\"_blank\" rel=\"noopener noreferrer\">Oliven<\/a><\/strong> ist in einem Vakuumbeutel von 260g erh\u00e4ltlich.<\/p>\n","protected":false},"excerpt":{"rendered":"<p>Schwarze und gr\u00fcne Oliven (80%), natives Oliven\u00f6l extra (aus der Herkunft) aromatisiert mit einer Prise Lorbeer, Oregano, Rosmarin, Knoblauch, Salz. W\u00e4hlen Sie die traditionelle und\/oder scharfe Version.<\/p>\n","protected":false},"featured_media":6660,"comment_status":"open","ping_status":"closed","template":"","meta":{"_mbp_gutenberg_autopost":false,"_pgmb_is_evergreen":true,"_pgmb_ap_template_id":14124},"product_brand":[],"product_cat":[205],"product_tag":[],"class_list":{"0":"post-6843","1":"product","2":"type-product","3":"status-publish","4":"has-post-thumbnail","6":"product_cat-oliven","8":"first","9":"instock","10":"shipping-taxable","11":"purchasable","12":"product-type-variable"},"_links":{"self":[{"href":"https:\/\/www.orodelsalento.com\/de\/wp-json\/wp\/v2\/product\/6843","targetHints":{"allow":["GET"]}}],"collection":[{"href":"https:\/\/www.orodelsalento.com\/de\/wp-json\/wp\/v2\/product"}],"about":[{"href":"https:\/\/www.orodelsalento.com\/de\/wp-json\/wp\/v2\/types\/product"}],"replies":[{"embeddable":true,"href":"https:\/\/www.orodelsalento.com\/de\/wp-json\/wp\/v2\/comments?post=6843"}],"version-history":[{"count":2,"href":"https:\/\/www.orodelsalento.com\/de\/wp-json\/wp\/v2\/product\/6843\/revisions"}],"predecessor-version":[{"id":21048,"href":"https:\/\/www.orodelsalento.com\/de\/wp-json\/wp\/v2\/product\/6843\/revisions\/21048"}],"wp:featuredmedia":[{"embeddable":true,"href":"https:\/\/www.orodelsalento.com\/de\/wp-json\/wp\/v2\/media\/6660"}],"wp:attachment":[{"href":"https:\/\/www.orodelsalento.com\/de\/wp-json\/wp\/v2\/media?parent=6843"}],"wp:term":[{"taxonomy":"product_brand","embeddable":true,"href":"https:\/\/www.orodelsalento.com\/de\/wp-json\/wp\/v2\/product_brand?post=6843"},{"taxonomy":"product_cat","embeddable":true,"href":"https:\/\/www.orodelsalento.com\/de\/wp-json\/wp\/v2\/product_cat?post=6843"},{"taxonomy":"product_tag","embeddable":true,"href":"https:\/\/www.orodelsalento.com\/de\/wp-json\/wp\/v2\/product_tag?post=6843"}],"curies":[{"name":"wp","href":"https:\/\/api.w.org\/{rel}","templated":true}]}}