{"id":6915,"date":"2020-03-05T10:59:38","date_gmt":"2020-03-05T09:59:38","guid":{"rendered":"https:\/\/www.orodelsalento.com\/unkategorisiert\/bruschetta-alla-salentina\/"},"modified":"2025-11-29T12:59:21","modified_gmt":"2025-11-29T11:59:21","slug":"bruschetta-alla-salentina","status":"publish","type":"product","link":"https:\/\/www.orodelsalento.com\/de\/vorspeisen-mit-brot\/bruschetta-alla-salentina\/","title":{"rendered":"Bruschetta alla Salentina"},"content":{"rendered":"<p>Die <strong>Bruschetta alla Salentina<\/strong> ist das klassische Gew\u00fcrz unserer Region, hergestellt aus Tomaten, Gem\u00fcse (Karotten, wei\u00dfe R\u00fcben, Sellerie, Paprika, Zwiebeln, Gurken und Blumenkohl), <a href=\"https:\/\/www.orodelsalento.com\/de\/extra-natives-olivenol\/\">nativem Oliven\u00f6l extra<\/a> (von Anfang an), <strong><a title=\"Oliven in Salzlake\" href=\"https:\/\/www.orodelsalento.com\/de\/oliven\/\" target=\"_blank\" rel=\"noopener noreferrer\">Oliven<\/a><\/strong>, Salz, Zitrone und nat\u00fcrlichen Gew\u00fcrzen.<\/p>\n<p>Die <strong>Bruschetta alla Salentina<\/strong> ist hervorragend als Dressing f\u00fcr H\u00fchnersalat oder gr\u00fcnen Salat geeignet, um Canap\u00e9s zu garnieren und auf leicht ger\u00f6stetem Brot und Frise zu streichen.<\/p>\n<p>Erh\u00e4ltlich im Glas hier auf dem Foto, online erh\u00e4ltlich.<\/p>\n","protected":false},"excerpt":{"rendered":"<p>Condimento unserer Erde, hergestellt aus Tomaten, Gem\u00fcse (Karotten, wei\u00dfe R\u00fcben, Sellerie, Paprika, Zwiebel, Gurken und Blumenkohl), extra natives Oliven\u00f6l (urspr\u00fcnglich), Oliven, Salz, Zitrone und nat\u00fcrlichen Gew\u00fcrzen.<\/p>\n","protected":false},"featured_media":6694,"comment_status":"open","ping_status":"closed","template":"","meta":{"_mbp_gutenberg_autopost":false,"_pgmb_is_evergreen":true,"_pgmb_ap_template_id":14124},"product_brand":[],"product_cat":[212],"product_tag":[],"class_list":{"0":"post-6915","1":"product","2":"type-product","3":"status-publish","4":"has-post-thumbnail","6":"product_cat-vorspeisen-mit-brot","8":"first","9":"instock","10":"shipping-taxable","11":"purchasable","12":"product-type-simple"},"_links":{"self":[{"href":"https:\/\/www.orodelsalento.com\/de\/wp-json\/wp\/v2\/product\/6915","targetHints":{"allow":["GET"]}}],"collection":[{"href":"https:\/\/www.orodelsalento.com\/de\/wp-json\/wp\/v2\/product"}],"about":[{"href":"https:\/\/www.orodelsalento.com\/de\/wp-json\/wp\/v2\/types\/product"}],"replies":[{"embeddable":true,"href":"https:\/\/www.orodelsalento.com\/de\/wp-json\/wp\/v2\/comments?post=6915"}],"version-history":[{"count":0,"href":"https:\/\/www.orodelsalento.com\/de\/wp-json\/wp\/v2\/product\/6915\/revisions"}],"wp:featuredmedia":[{"embeddable":true,"href":"https:\/\/www.orodelsalento.com\/de\/wp-json\/wp\/v2\/media\/6694"}],"wp:attachment":[{"href":"https:\/\/www.orodelsalento.com\/de\/wp-json\/wp\/v2\/media?parent=6915"}],"wp:term":[{"taxonomy":"product_brand","embeddable":true,"href":"https:\/\/www.orodelsalento.com\/de\/wp-json\/wp\/v2\/product_brand?post=6915"},{"taxonomy":"product_cat","embeddable":true,"href":"https:\/\/www.orodelsalento.com\/de\/wp-json\/wp\/v2\/product_cat?post=6915"},{"taxonomy":"product_tag","embeddable":true,"href":"https:\/\/www.orodelsalento.com\/de\/wp-json\/wp\/v2\/product_tag?post=6915"}],"curies":[{"name":"wp","href":"https:\/\/api.w.org\/{rel}","templated":true}]}}