{"id":6917,"date":"2020-03-05T10:59:38","date_gmt":"2020-03-05T09:59:38","guid":{"rendered":"https:\/\/www.orodelsalento.com\/unkategorisiert\/artischoken-bruschetta-in-extra-natives-olivenol\/"},"modified":"2026-03-03T09:55:00","modified_gmt":"2026-03-03T08:55:00","slug":"artischoken-bruschetta-in-extra-natives-olivenol","status":"publish","type":"product","link":"https:\/\/www.orodelsalento.com\/de\/vorspeisen-mit-brot\/artischoken-bruschetta-in-extra-natives-olivenol\/","title":{"rendered":"Bruschetta mit Artischocken aus Apulien in extra nativem Oliven\u00f6l"},"content":{"rendered":"<p>Die <strong>Bruschetta ai Carciofi<\/strong> ist eine Creme aus Produkten und Aromen aus Salento, haupts\u00e4chlich hergestellt aus 69% Artischocken und minimal gew\u00fcrzt mit roten Paprika, Kapern und alles in extra nativem Oliven\u00f6l (urspr\u00fcnglich) und abgerundet mit einer Prise Essig, Knoblauch, Petersilie, Salz.<\/p>\n<p>Die <strong>Bruschetta ai Carciofi<\/strong> ist hervorragend geeignet, um H\u00fchnersalat oder gr\u00fcnen Salat zu w\u00fcrzen, und kann verwendet werden, um Canap\u00e9s zu garnieren und auf leicht ger\u00f6stetem Brot und Crostini verteilt zu werden.<\/p>\n","protected":false},"excerpt":{"rendered":"<p>Carciofi, rote Paprika, Kapern, extra natives Oliven\u00f6l und eine Prise Essig, Knoblauch, Petersilie, Salz.<\/p>\n","protected":false},"featured_media":6918,"comment_status":"open","ping_status":"closed","template":"","meta":{"_mbp_gutenberg_autopost":false,"_pgmb_is_evergreen":true,"_pgmb_ap_template_id":14124},"product_brand":[],"product_cat":[212],"product_tag":[],"class_list":{"0":"post-6917","1":"product","2":"type-product","3":"status-publish","4":"has-post-thumbnail","6":"product_cat-vorspeisen-mit-brot","8":"first","9":"instock","10":"shipping-taxable","11":"purchasable","12":"product-type-simple"},"_links":{"self":[{"href":"https:\/\/www.orodelsalento.com\/de\/wp-json\/wp\/v2\/product\/6917","targetHints":{"allow":["GET"]}}],"collection":[{"href":"https:\/\/www.orodelsalento.com\/de\/wp-json\/wp\/v2\/product"}],"about":[{"href":"https:\/\/www.orodelsalento.com\/de\/wp-json\/wp\/v2\/types\/product"}],"replies":[{"embeddable":true,"href":"https:\/\/www.orodelsalento.com\/de\/wp-json\/wp\/v2\/comments?post=6917"}],"version-history":[{"count":0,"href":"https:\/\/www.orodelsalento.com\/de\/wp-json\/wp\/v2\/product\/6917\/revisions"}],"wp:featuredmedia":[{"embeddable":true,"href":"https:\/\/www.orodelsalento.com\/de\/wp-json\/wp\/v2\/media\/6918"}],"wp:attachment":[{"href":"https:\/\/www.orodelsalento.com\/de\/wp-json\/wp\/v2\/media?parent=6917"}],"wp:term":[{"taxonomy":"product_brand","embeddable":true,"href":"https:\/\/www.orodelsalento.com\/de\/wp-json\/wp\/v2\/product_brand?post=6917"},{"taxonomy":"product_cat","embeddable":true,"href":"https:\/\/www.orodelsalento.com\/de\/wp-json\/wp\/v2\/product_cat?post=6917"},{"taxonomy":"product_tag","embeddable":true,"href":"https:\/\/www.orodelsalento.com\/de\/wp-json\/wp\/v2\/product_tag?post=6917"}],"curies":[{"name":"wp","href":"https:\/\/api.w.org\/{rel}","templated":true}]}}