{"id":6970,"date":"2020-03-05T10:59:16","date_gmt":"2020-03-05T09:59:16","guid":{"rendered":"https:\/\/www.orodelsalento.com\/unkategorisiert\/geschnittener-auberginen-und-paprika-mix-in-ol\/"},"modified":"2025-11-27T10:59:22","modified_gmt":"2025-11-27T09:59:22","slug":"geschnittener-auberginen-und-paprika-mix-in-ol","status":"publish","type":"product","link":"https:\/\/www.orodelsalento.com\/de\/produkte-in-ol\/geschnittener-auberginen-und-paprika-mix-in-ol\/","title":{"rendered":"Auberginen und Paprika in \u00d6l eingelegt"},"content":{"rendered":"<p>Habt ihr schon einmal versucht, das Rezept f\u00fcr Pasta mit Auberginen und Paprika zuzubereiten?<\/p>\n<p>Es gibt Kombinationen, die funktionieren, und andere nicht. Die Verbindung, in diesem Fall, zwischen Paprika und Auberginen l\u00e4uft hervorragend, wenn diese Vereinigung dann mit einem Hauch von Knoblauch, Chili und nat\u00fcrlichen Gew\u00fcrzen gew\u00fcrzt wird, k\u00f6nnen wir das als eine erfolgreiche Ehe bezeichnen.<\/p>\n<p>An einem lichtgesch\u00fctzten Ort aufbewahren, einmal ge\u00f6ffnet kann das Glas im K\u00fchlschrank aufbewahrt werden, um den urspr\u00fcnglichen Geschmack zu erhalten.<\/p>\n<p>Die Auberginen und Paprika sind geeignet, um Salate und warme sowie kalte Gerichte zu w\u00fcrzen, eine besondere Kombination f\u00fcr den Aperitif.<\/p>\n","protected":false},"excerpt":{"rendered":"<p>H\u00e4ndisch hergestellt und gew\u00fcrzt, sind sie in &#8222;nativem Oliven\u00f6l extra&#8220; (bei der Herkunft) eingelegt, das den Geschmack und die Haltbarkeit f\u00fcr 24 Monate ab dem Verpackungsdatum garantiert, Nettogewicht 230g.<\/p>\n","protected":false},"featured_media":6971,"comment_status":"open","ping_status":"closed","template":"","meta":{"_mbp_gutenberg_autopost":false,"_pgmb_is_evergreen":true,"_pgmb_ap_template_id":14124},"product_brand":[],"product_cat":[207],"product_tag":[],"class_list":{"0":"post-6970","1":"product","2":"type-product","3":"status-publish","4":"has-post-thumbnail","6":"product_cat-produkte-in-ol","8":"first","9":"instock","10":"shipping-taxable","11":"purchasable","12":"product-type-simple"},"_links":{"self":[{"href":"https:\/\/www.orodelsalento.com\/de\/wp-json\/wp\/v2\/product\/6970","targetHints":{"allow":["GET"]}}],"collection":[{"href":"https:\/\/www.orodelsalento.com\/de\/wp-json\/wp\/v2\/product"}],"about":[{"href":"https:\/\/www.orodelsalento.com\/de\/wp-json\/wp\/v2\/types\/product"}],"replies":[{"embeddable":true,"href":"https:\/\/www.orodelsalento.com\/de\/wp-json\/wp\/v2\/comments?post=6970"}],"version-history":[{"count":0,"href":"https:\/\/www.orodelsalento.com\/de\/wp-json\/wp\/v2\/product\/6970\/revisions"}],"wp:featuredmedia":[{"embeddable":true,"href":"https:\/\/www.orodelsalento.com\/de\/wp-json\/wp\/v2\/media\/6971"}],"wp:attachment":[{"href":"https:\/\/www.orodelsalento.com\/de\/wp-json\/wp\/v2\/media?parent=6970"}],"wp:term":[{"taxonomy":"product_brand","embeddable":true,"href":"https:\/\/www.orodelsalento.com\/de\/wp-json\/wp\/v2\/product_brand?post=6970"},{"taxonomy":"product_cat","embeddable":true,"href":"https:\/\/www.orodelsalento.com\/de\/wp-json\/wp\/v2\/product_cat?post=6970"},{"taxonomy":"product_tag","embeddable":true,"href":"https:\/\/www.orodelsalento.com\/de\/wp-json\/wp\/v2\/product_tag?post=6970"}],"curies":[{"name":"wp","href":"https:\/\/api.w.org\/{rel}","templated":true}]}}