{"id":6974,"date":"2020-03-05T10:59:16","date_gmt":"2020-03-05T09:59:16","guid":{"rendered":"https:\/\/www.orodelsalento.com\/unkategorisiert\/ganze-artichokenherzen-in-extra-natives-olivenol\/"},"modified":"2026-03-28T09:42:54","modified_gmt":"2026-03-28T08:42:54","slug":"ganze-artichokenherzen-in-extra-natives-olivenol","status":"publish","type":"product","link":"https:\/\/www.orodelsalento.com\/de\/produkte-in-ol\/ganze-artichokenherzen-in-extra-natives-olivenol\/","title":{"rendered":"Carciofi Sott&#8217;olio: Geschmack und Tradition &#8211; Herz des Artischocke."},"content":{"rendered":"<p>Die <strong>ganzem Artischocken in \u00d6l<\/strong> von <strong>Oro del Salento<\/strong> stellen eine wahre Delikatesse dar, ein Juwel der traditionellen italienischen Konservierung. Diese Artischocken, sorgf\u00e4ltig ausgew\u00e4hlt und in einem <strong>hochwertigen, extra vergine Oliven\u00f6l<\/strong> aus den \u00fcppigen <strong>Landstrichen des Salento<\/strong> eingelegt, sind eine Hommage an die alten Rezepte, die von Generation zu Generation weitergegeben werden.<\/p>\n<p>Ihre Zubereitung, die <strong>handwerkliche Methoden<\/strong> befolgt und die nat\u00fcrlichen Rhythmen der Konservierung respektiert, sorgt daf\u00fcr, dass jede <strong>Artischocke zart im Mund mit einem reichen und intensiven Geschmack<\/strong> ist, Eigenschaften, die sie zu einem unwiderstehlichen Vorspeise oder einer raffinierten Erg\u00e4nzung f\u00fcr jedes Gericht machen.<\/p>\n<p>Die Wahl, ausschlie\u00dflich <strong>salentinisches extra vergine Oliven\u00f6l<\/strong> zu verwenden, ist nicht zuf\u00e4llig: Dieses \u00d6l ist bekannt f\u00fcr seine einzigartigen organoleptischen Eigenschaften, die den Geschmack der Artischocken hervorheben, ohne ihn zu \u00fcberdecken. Das Ergebnis ist ein <strong>perfektes Gleichgewicht der Aromen<\/strong>, in dem die <strong>nat\u00fcrliche S\u00fc\u00dfe der Artischocken<\/strong> harmonisch mit den fruchtigen und leicht w\u00fcrzigen Noten des \u00d6ls verschmilzt.<\/p>\n<p>Diese Artischocken in \u00d6l sind nicht nur ein hochwertiges gastronomisches Produkt, sondern auch eine sensorische Reise, die Erinnerungen an famili\u00e4re Sonntagsessen, Dorffeste und kulinarische Traditionen weckt, die das Herz der italienischen Kultur bilden.<\/p>\n<p>Sie sind ideal f\u00fcr diejenigen, die die authentischen Geschm\u00e4cker der Vergangenheit wiederentdecken m\u00f6chten, und f\u00fcr Liebhaber der K\u00fcche, die nach echten und hochwertigen Zutaten f\u00fcr ihre Kreationen suchen.<\/p>\n<p>Dar\u00fcber hinaus macht die elegante und sorgf\u00e4ltige Pr\u00e4sentation diese Artischocken in \u00d6l zu einem perfekten Geschenk f\u00fcr Feinschmecker oder zu einem hochwertigen Artikel, der in Gourmetk\u00f6rbe aufgenommen werden kann. Ob als raffinierte Vorspeise, als spezielle Zutat zur Bereicherung von Salaten und Hauptgerichten oder einfach als Genuss f\u00fcr ruhige Momente, die ganzen Artischocken in \u00d6l von Oro del Salento sind eine Wahl, die Qualit\u00e4t, Geschmack und Tradition garantiert.<\/p>\n","protected":false},"excerpt":{"rendered":"<p>Die ganzem Artischocken in \u00d6l von Oro del Salento stellen eine wahre Delikatesse dar, ein Juwel der traditionellen italienischen Konservierung. Diese Artischocken, sorgf\u00e4ltig ausgew\u00e4hlt und in einem hochwertigen, extra vergine Oliven\u00f6l aus den \u00fcppigen Landstrichen des Salento eingelegt, sind eine Hommage an die alten Rezepte, die von Generation zu Generation weitergegeben werden. Ihre Zubereitung, die [&hellip;]<\/p>\n","protected":false},"featured_media":6975,"comment_status":"open","ping_status":"closed","template":"","meta":{"_mbp_gutenberg_autopost":false,"_pgmb_is_evergreen":true,"_pgmb_ap_template_id":14124},"product_brand":[],"product_cat":[207],"product_tag":[],"class_list":{"0":"post-6974","1":"product","2":"type-product","3":"status-publish","4":"has-post-thumbnail","6":"product_cat-produkte-in-ol","8":"first","9":"instock","10":"shipping-taxable","11":"purchasable","12":"product-type-simple"},"_links":{"self":[{"href":"https:\/\/www.orodelsalento.com\/de\/wp-json\/wp\/v2\/product\/6974","targetHints":{"allow":["GET"]}}],"collection":[{"href":"https:\/\/www.orodelsalento.com\/de\/wp-json\/wp\/v2\/product"}],"about":[{"href":"https:\/\/www.orodelsalento.com\/de\/wp-json\/wp\/v2\/types\/product"}],"replies":[{"embeddable":true,"href":"https:\/\/www.orodelsalento.com\/de\/wp-json\/wp\/v2\/comments?post=6974"}],"version-history":[{"count":0,"href":"https:\/\/www.orodelsalento.com\/de\/wp-json\/wp\/v2\/product\/6974\/revisions"}],"wp:featuredmedia":[{"embeddable":true,"href":"https:\/\/www.orodelsalento.com\/de\/wp-json\/wp\/v2\/media\/6975"}],"wp:attachment":[{"href":"https:\/\/www.orodelsalento.com\/de\/wp-json\/wp\/v2\/media?parent=6974"}],"wp:term":[{"taxonomy":"product_brand","embeddable":true,"href":"https:\/\/www.orodelsalento.com\/de\/wp-json\/wp\/v2\/product_brand?post=6974"},{"taxonomy":"product_cat","embeddable":true,"href":"https:\/\/www.orodelsalento.com\/de\/wp-json\/wp\/v2\/product_cat?post=6974"},{"taxonomy":"product_tag","embeddable":true,"href":"https:\/\/www.orodelsalento.com\/de\/wp-json\/wp\/v2\/product_tag?post=6974"}],"curies":[{"name":"wp","href":"https:\/\/api.w.org\/{rel}","templated":true}]}}