{"id":6990,"date":"2020-03-05T10:59:15","date_gmt":"2020-03-05T09:59:15","guid":{"rendered":"https:\/\/www.orodelsalento.com\/unkategorisiert\/ausgehohlte-paprika-mit-kase-gefullt-in-ol\/"},"modified":"2025-11-14T09:14:40","modified_gmt":"2025-11-14T08:14:40","slug":"ausgehohlte-paprika-mit-kase-gefullt-in-ol","status":"publish","type":"product","link":"https:\/\/www.orodelsalento.com\/de\/produkte-in-ol\/ausgehohlte-paprika-mit-kase-gefullt-in-ol\/","title":{"rendered":"Gef\u00fcllte Paprika mit K\u00e4se in \u00d6l"},"content":{"rendered":"<p>Ich <strong>gef\u00fcllte Paprika mit K\u00e4se<\/strong> sind eine wahre Delikatesse, ein schmackhaftes Gericht, eine Variante der gef\u00fcllten Paprika, die das Fleisch ausschlie\u00dft, aber deshalb nicht qualitativ minderwertig ist.<\/p>\n<p>Sie sind eine schnelle Idee f\u00fcr einen Snack oder ein einfaches, frisches Hauptgericht.<\/p>\n<p>Jeder, der es gewohnt ist, <strong>Paprika zu genie\u00dfen<\/strong>, wei\u00df genau, dass man schnell satt wird, insbesondere da dieses Produkt sehr kalorienreich ist, weil es mit Petersilie, Minze und Knoblauch gew\u00fcrzt ist. Man sch\u00e4tzt den Geschmack und die K\u00f6stlichkeit des <strong>Kuhk\u00e4ses<\/strong> und ist definitiv zufrieden mit seiner Frische.<\/p>\n<h2>Gef\u00fcllte Paprika mit K\u00e4se in \u00d6l<\/h2>\n<p>Eine perfekte Kombination von Gew\u00fcrzen, die die Liebhaber anspruchsvoller und raffinierter Geschm\u00e4cker \u00fcberraschen wird. Sie k\u00f6nnen dieses Produkt sicherlich niemals Menschen anbieten, die nach Schlichtheit, aber vor allem nach Zartheit suchen.<\/p>\n<p>Die <strong>gef\u00fcllten Paprika mit K\u00e4se<\/strong> in \u00d6l sollten mit einfachem Brot genossen werden, da es erm\u00f6glicht, sich selbst zu s\u00e4ttigen. Im Gegensatz zu anderen Produkten besteht nicht die Notwendigkeit, es mit etwas anderem zu kombinieren. Nat\u00fcrlich h\u00e4ngt alles von den eigenen Kalorien- und k\u00f6rperlichen Bed\u00fcrfnissen ab.<\/p>\n<p>Gef\u00fcllte Paprika mit Kuhk\u00e4se, <a href=\"https:\/\/www.orodelsalento.com\/de\/extra-natives-olivenol\/\"><strong>nativem Oliven\u00f6l<\/strong><\/a> (urspr\u00fcnglich), Petersilie, Minze, Knoblauch.<\/p>\n","protected":false},"excerpt":{"rendered":"<p>Paprika, ausgeh\u00f6hlt und mit K\u00e4se gef\u00fcllt, werden ausschlie\u00dflich von Hand verarbeitet, in ein Glas mit Oliven\u00f6l (urspr\u00fcnglich) eingelegt und mit Petersilie, Minze und Knoblauch gew\u00fcrzt.<\/p>\n","protected":false},"featured_media":6991,"comment_status":"open","ping_status":"closed","template":"","meta":{"_mbp_gutenberg_autopost":false,"_pgmb_is_evergreen":true,"_pgmb_ap_template_id":14124},"product_brand":[],"product_cat":[207],"product_tag":[],"class_list":{"0":"post-6990","1":"product","2":"type-product","3":"status-publish","4":"has-post-thumbnail","6":"product_cat-produkte-in-ol","8":"first","9":"outofstock","10":"shipping-taxable","11":"purchasable","12":"product-type-simple"},"_links":{"self":[{"href":"https:\/\/www.orodelsalento.com\/de\/wp-json\/wp\/v2\/product\/6990","targetHints":{"allow":["GET"]}}],"collection":[{"href":"https:\/\/www.orodelsalento.com\/de\/wp-json\/wp\/v2\/product"}],"about":[{"href":"https:\/\/www.orodelsalento.com\/de\/wp-json\/wp\/v2\/types\/product"}],"replies":[{"embeddable":true,"href":"https:\/\/www.orodelsalento.com\/de\/wp-json\/wp\/v2\/comments?post=6990"}],"version-history":[{"count":0,"href":"https:\/\/www.orodelsalento.com\/de\/wp-json\/wp\/v2\/product\/6990\/revisions"}],"wp:featuredmedia":[{"embeddable":true,"href":"https:\/\/www.orodelsalento.com\/de\/wp-json\/wp\/v2\/media\/6991"}],"wp:attachment":[{"href":"https:\/\/www.orodelsalento.com\/de\/wp-json\/wp\/v2\/media?parent=6990"}],"wp:term":[{"taxonomy":"product_brand","embeddable":true,"href":"https:\/\/www.orodelsalento.com\/de\/wp-json\/wp\/v2\/product_brand?post=6990"},{"taxonomy":"product_cat","embeddable":true,"href":"https:\/\/www.orodelsalento.com\/de\/wp-json\/wp\/v2\/product_cat?post=6990"},{"taxonomy":"product_tag","embeddable":true,"href":"https:\/\/www.orodelsalento.com\/de\/wp-json\/wp\/v2\/product_tag?post=6990"}],"curies":[{"name":"wp","href":"https:\/\/api.w.org\/{rel}","templated":true}]}}