{"id":7145,"date":"2020-03-05T10:59:15","date_gmt":"2020-03-05T09:59:15","guid":{"rendered":"https:\/\/www.orodelsalento.com\/unkategorisiert\/knoblauch-in-ol-eingelegt\/"},"modified":"2025-11-14T09:12:57","modified_gmt":"2025-11-14T08:12:57","slug":"knoblauch-in-ol-eingelegt","status":"publish","type":"product","link":"https:\/\/www.orodelsalento.com\/de\/produkte-in-ol\/knoblauch-in-ol-eingelegt\/","title":{"rendered":"Aglio in \u00d6l und Aglio piccante in \u00d6l"},"content":{"rendered":"<p>Als das wahre Nahrungsmittel-Heilmittel definiert, wird es seit der Antike sowohl als Gew\u00fcrz als auch therapeutisch verwendet.<\/p>\n<p>Die beiden Varianten des Knoblauchs, die <strong>traditionelle<\/strong> und die <strong>scharfe<\/strong>, werden gesch\u00e4lt, mit Petersilie und Zitrone gew\u00fcrzt und in Gl\u00e4ser gef\u00fcllt.<\/p>\n<p>Die Variante mit Chili sieht die Zugabe von <strong><a href=\"https:\/\/www.orodelsalento.com\/de\/produkte-in-ol\/wurzige-zerkleinerte-chili-schoten\/\" target=\"_blank\" rel=\"noopener noreferrer\">scharfen Chili-Ringen<\/a><\/strong> vor. Der Knoblauch in \u00d6l h\u00e4lt sich etwa 24 Monate ab Produktionsdatum, wenn er in einem gut verschlossenen Glas an einem k\u00fchlen und dunklen Ort aufbewahrt wird; nach dem \u00d6ffnen im K\u00fchlschrank lagern.<\/p>\n<h2>Knoblauch aus Puglia in \u00d6l<\/h2>\n<p>Der landwirtschaftliche Betrieb <strong>Oro del Salento<\/strong> bringt den frischen Geschmack von ganzem Knoblauch, der vollst\u00e4ndig in \u00d6l eingelegt ist, ohne jegliche Zubereitung oder Mischerei, sodass Sie ihn direkt aus dem Glas genie\u00dfen k\u00f6nnen.<\/p>\n<h2>Wie wird der Knoblauch in \u00d6l zubereitet?<\/h2>\n<p>Der perfekt zubereitete Knoblauch, sodass Sie ihn nicht zerdr\u00fccken, sch\u00e4len oder hacken m\u00fcssen. Der Knoblauch in \u00d6l ist ein Produkt, das mit Petersilie und Zitrone verarbeitet und gew\u00fcrzt wird, und ist ausschlie\u00dflich in &#8222;<strong>nativem Oliven\u00f6l extra<\/strong>&#8220; (bei der Herstellung) in einem 230g Glas eingelegt.<\/p>\n<p>Der nativem Oliven\u00f6l extra Knoblauch, wie alle von uns verarbeiteten Produkte, enth\u00e4lt keine Konservierungsstoffe, sollte vor dem \u00d6ffnen an einem k\u00fchlen und dunklen Ort aufbewahrt werden und danach im K\u00fchlschrank. Das Produkt hat eine Haltbarkeit von 24 Monaten ab Produktionsdatum.<\/p>\n<h2>Schnelle Gerichte mit Knoblauch<\/h2>\n<p>Bequemlichkeit ist entscheidend, wenn man versucht, gesunde und schmackhafte Gerichte in begrenzter Zeit zuzubereiten. Der Knoblauch in \u00d6l von Oro del Salento bietet kulinarische Bequemlichkeit f\u00fcr jedes Rezept, das Knoblauch erfordert. Dieses Gew\u00fcrz ist ein hervorragender Geschmacksverst\u00e4rker f\u00fcr H\u00e4hnchen, Fleisch, Meeresfr\u00fcchte und mehr. Weniger Arbeit, weniger Unordnung und weniger Abfall.<\/p>\n<p>Anstatt Ihren Knoblauch zu zerdr\u00fccken, zu sch\u00e4len und zu hacken, lassen Sie unseren Knoblauch in \u00d6l die Arbeit f\u00fcr Sie erledigen, Sie sparen Zeit bei der Zubereitung von Mahlzeiten und Gerichten, wenn Sie ein Glas nach Hause bringen.<\/p>\n<p>F\u00fcgen Sie den geschnittenen Knoblauch zu P\u00fcree oder Bratkartoffeln hinzu oder verwenden Sie ihn in Ihrer n\u00e4chsten Marinade f\u00fcr H\u00e4hnchen oder Rindfleisch.<\/p>\n<p>Perfekt f\u00fcr die Zubereitung von ger\u00f6stetem Brot, etwas Oregano, zerdr\u00fcckte und geschnittene Tomaten, um eine hervorragende hausgemachte Bruschetta aus Salento zuzubereiten. Verwenden Sie ein paar Knoblauchzehen auf dem ger\u00f6steten Brot, um es richtig zu w\u00fcrzen und einen Aperitif schmackhafter zu machen und\/oder einen Salat geschmackvoller zu gestalten.<\/p>\n","protected":false},"excerpt":{"rendered":"<p>Der Knoblauch in \u00d6l ist ein Produkt, das mit Petersilie und Zitrone verarbeitet und gew\u00fcrzt wird. Er ist im 230g-Glas ausschlie\u00dflich in &#8222;nativem Oliven\u00f6l extra&#8220; (bei der Herkunft) eingelegt.<\/p>\n","protected":false},"featured_media":7146,"comment_status":"open","ping_status":"closed","template":"","meta":{"_mbp_gutenberg_autopost":false,"_pgmb_is_evergreen":true,"_pgmb_ap_template_id":14124},"product_brand":[],"product_cat":[207],"product_tag":[],"class_list":{"0":"post-7145","1":"product","2":"type-product","3":"status-publish","4":"has-post-thumbnail","6":"product_cat-produkte-in-ol","8":"first","9":"instock","10":"shipping-taxable","11":"purchasable","12":"product-type-variable"},"_links":{"self":[{"href":"https:\/\/www.orodelsalento.com\/de\/wp-json\/wp\/v2\/product\/7145","targetHints":{"allow":["GET"]}}],"collection":[{"href":"https:\/\/www.orodelsalento.com\/de\/wp-json\/wp\/v2\/product"}],"about":[{"href":"https:\/\/www.orodelsalento.com\/de\/wp-json\/wp\/v2\/types\/product"}],"replies":[{"embeddable":true,"href":"https:\/\/www.orodelsalento.com\/de\/wp-json\/wp\/v2\/comments?post=7145"}],"version-history":[{"count":0,"href":"https:\/\/www.orodelsalento.com\/de\/wp-json\/wp\/v2\/product\/7145\/revisions"}],"wp:featuredmedia":[{"embeddable":true,"href":"https:\/\/www.orodelsalento.com\/de\/wp-json\/wp\/v2\/media\/7146"}],"wp:attachment":[{"href":"https:\/\/www.orodelsalento.com\/de\/wp-json\/wp\/v2\/media?parent=7145"}],"wp:term":[{"taxonomy":"product_brand","embeddable":true,"href":"https:\/\/www.orodelsalento.com\/de\/wp-json\/wp\/v2\/product_brand?post=7145"},{"taxonomy":"product_cat","embeddable":true,"href":"https:\/\/www.orodelsalento.com\/de\/wp-json\/wp\/v2\/product_cat?post=7145"},{"taxonomy":"product_tag","embeddable":true,"href":"https:\/\/www.orodelsalento.com\/de\/wp-json\/wp\/v2\/product_tag?post=7145"}],"curies":[{"name":"wp","href":"https:\/\/api.w.org\/{rel}","templated":true}]}}