{"id":7065,"date":"2020-03-05T10:59:14","date_gmt":"2020-03-05T09:59:14","guid":{"rendered":"https:\/\/www.orodelsalento.com\/uncategorized\/black-olives-pate-from-cellina-di-nardo-olives-mild-and-spicy\/"},"modified":"2025-11-14T09:43:56","modified_gmt":"2025-11-14T08:43:56","slug":"black-olives-spread-from-cellina-di-nardo-olives-mild-and-spicy","status":"publish","type":"product","link":"https:\/\/www.orodelsalento.com\/en\/pate-cream\/black-olives-spread-from-cellina-di-nardo-olives-mild-and-spicy\/","title":{"rendered":"Black olive pat\u00e9 from Cellina di Nard\u00f2"},"content":{"rendered":"<p>From our olive groves in the Ugento area, we harvest and pit a typical cultivar from Salento, the Cellina di Nard\u00f2 olive, collected from the majestic olive trees.<\/p>\n<p>In Salento, we have two main olive cultivars, the Ogliarola and the Cellina di Nard\u00f2, which are still representative of the agricultural and olive culture of the region.<\/p>\n<p>The Cellina variety, due to its hardiness, resistance to climatic and pest adversities, and consistent productivity, has gradually replaced the Ogliarola.<\/p>\n<p>The Cellina olives are exclusively intended for oil production, but to enjoy a cream with a distinctly typical flavor, we process the Cellina di Nard\u00f2 olive into a delicious p\u00e2t\u00e9.<\/p>\n<h2>Cellina Olives for a Black Olive P\u00e2t\u00e9<\/h2>\n<p>The Black Olive P\u00e2t\u00e9 is made from pitted Cellina olives, with the addition of Extra Virgin Olive Oil (at the origin), to enhance the flavor.<\/p>\n<p>Packaged in a 130g jar, the product is suitable for dressing salads, tarts, and crostini. Upon request, a larger size suitable for gastronomy can be made.<\/p>\n","protected":false},"excerpt":{"rendered":"<p>Jar of cream \/ black cellina olive p\u00e2t\u00e9 from Nard\u00f2, in extra virgin olive oil<br \/>\nA typical Apulian product, with an unmistakable flavor, from the Salento region, without the addition of spices and processed in its natural state, the black olive p\u00e2t\u00e9.<\/p>\n","protected":false},"featured_media":6683,"comment_status":"open","ping_status":"closed","template":"","meta":{"_mbp_gutenberg_autopost":false,"_pgmb_is_evergreen":true,"_pgmb_ap_template_id":14124},"product_brand":[],"product_cat":[209],"product_tag":[],"class_list":{"0":"post-7065","1":"product","2":"type-product","3":"status-publish","4":"has-post-thumbnail","6":"product_cat-pate-cream","8":"first","9":"instock","10":"shipping-taxable","11":"purchasable","12":"product-type-variable"},"_links":{"self":[{"href":"https:\/\/www.orodelsalento.com\/en\/wp-json\/wp\/v2\/product\/7065","targetHints":{"allow":["GET"]}}],"collection":[{"href":"https:\/\/www.orodelsalento.com\/en\/wp-json\/wp\/v2\/product"}],"about":[{"href":"https:\/\/www.orodelsalento.com\/en\/wp-json\/wp\/v2\/types\/product"}],"replies":[{"embeddable":true,"href":"https:\/\/www.orodelsalento.com\/en\/wp-json\/wp\/v2\/comments?post=7065"}],"version-history":[{"count":0,"href":"https:\/\/www.orodelsalento.com\/en\/wp-json\/wp\/v2\/product\/7065\/revisions"}],"wp:featuredmedia":[{"embeddable":true,"href":"https:\/\/www.orodelsalento.com\/en\/wp-json\/wp\/v2\/media\/6683"}],"wp:attachment":[{"href":"https:\/\/www.orodelsalento.com\/en\/wp-json\/wp\/v2\/media?parent=7065"}],"wp:term":[{"taxonomy":"product_brand","embeddable":true,"href":"https:\/\/www.orodelsalento.com\/en\/wp-json\/wp\/v2\/product_brand?post=7065"},{"taxonomy":"product_cat","embeddable":true,"href":"https:\/\/www.orodelsalento.com\/en\/wp-json\/wp\/v2\/product_cat?post=7065"},{"taxonomy":"product_tag","embeddable":true,"href":"https:\/\/www.orodelsalento.com\/en\/wp-json\/wp\/v2\/product_tag?post=7065"}],"curies":[{"name":"wp","href":"https:\/\/api.w.org\/{rel}","templated":true}]}}